{"id":160,"date":"2019-11-20T12:20:02","date_gmt":"2019-11-20T12:20:02","guid":{"rendered":"https:\/\/intersert.org\/?page_id=160"},"modified":"2020-05-14T08:35:39","modified_gmt":"2020-05-14T08:35:39","slug":"bank-details","status":"publish","type":"page","link":"https:\/\/intersert.org\/tr\/bank-details\/","title":{"rendered":"Banka bilgileri"},"content":{"rendered":"[vc_row type=&#8221;full_width_background&#8221; full_screen_row_position=&#8221;middle&#8221; bg_image=&#8221;6765&#8243; bg_position=&#8221;center center&#8221; bg_repeat=&#8221;no-repeat&#8221; scene_position=&#8221;center&#8221; text_color=&#8221;light&#8221; text_align=&#8221;left&#8221; top_padding=&#8221;50&#8243; bottom_padding=&#8221;50&#8243; overlay_strength=&#8221;0.3&#8243; shape_divider_position=&#8221;bottom&#8221; bg_image_animation=&#8221;none&#8221; shape_type=&#8221;&#8221;][vc_column column_padding=&#8221;no-extra-padding&#8221; column_padding_position=&#8221;all&#8221; background_color_opacity=&#8221;1&#8243; background_hover_color_opacity=&#8221;1&#8243; column_link_target=&#8221;_self&#8221; column_shadow=&#8221;none&#8221; column_border_radius=&#8221;none&#8221; width=&#8221;1\/1&#8243; tablet_width_inherit=&#8221;default&#8221; tablet_text_alignment=&#8221;default&#8221; phone_text_alignment=&#8221;default&#8221; column_border_width=&#8221;none&#8221; column_border_style=&#8221;solid&#8221; bg_image_animation=&#8221;none&#8221;][vc_custom_heading text=&#8221;Banka bilgileri&#8221; font_container=&#8221;tag:h3|font_size:25|text_align:left|color:%23ffffff&#8221; use_theme_fonts=&#8221;yes&#8221;][vc_custom_heading text=&#8221;&#8221; font_container=&#8221;tag:p|font_size:16|text_align:left|color:%23ffffff&#8221; use_theme_fonts=&#8221;yes&#8221;][\/vc_column][\/vc_row][vc_row type=&#8221;in_container&#8221; full_screen_row_position=&#8221;middle&#8221; scene_position=&#8221;center&#8221; text_color=&#8221;dark&#8221; text_align=&#8221;left&#8221; top_padding=&#8221;2%&#8221; overlay_strength=&#8221;0.3&#8243; shape_divider_position=&#8221;bottom&#8221; bg_image_animation=&#8221;none&#8221; shape_type=&#8221;&#8221;][vc_column column_padding=&#8221;no-extra-padding&#8221; column_padding_position=&#8221;all&#8221; background_color_opacity=&#8221;1&#8243; background_hover_color_opacity=&#8221;1&#8243; column_link_target=&#8221;_self&#8221; column_shadow=&#8221;none&#8221; column_border_radius=&#8221;none&#8221; width=&#8221;2\/3&#8243; tablet_width_inherit=&#8221;default&#8221; tablet_text_alignment=&#8221;default&#8221; phone_text_alignment=&#8221;default&#8221; column_border_width=&#8221;none&#8221; column_border_style=&#8221;solid&#8221; bg_image_animation=&#8221;none&#8221;][vc_column_text]Banka ad\u0131 : \u201cZiraat Bank Azerbaijan\u201d<br \/>\nBanka kodu: 512372<br \/>\nBanka Vergi Kimlik Numaras\u0131: 1303953611<br \/>\nM\/H: AZ42NABZ01350100000000095944<br \/>\nS.W.I.F.T: TCZBAZ22<br \/>\n\u015eirket Ad\u0131: Intersert Uygunluk De\u011ferlendirme Hizmetleri A.\u015e.&#8217;nin Azerbaycan Cumhuriyeti&#8217;ndeki Temsilcili\u011fi<br \/>\n\u015eirket Vergi Kimlik Numaras\u0131: 1804460781<\/p>\n<h5><strong><img loading=\"lazy\" decoding=\"async\" class=\"size-full wp-image-6897 alignleft\" src=\"https:\/\/intersert.org\/wp-content\/uploads\/2020\/01\/azerbaijan.png\" alt=\"\" width=\"24\" height=\"24\" \/>AZN ile \u00f6demeler i\u00e7in:<\/strong><\/h5>\n<p>Hesap \u2116: AZ52TCZB40065944002659200103<\/p>\n<h5><strong><img loading=\"lazy\" decoding=\"async\" class=\"size-full wp-image-6899 alignleft\" src=\"https:\/\/intersert.org\/wp-content\/uploads\/2020\/01\/united-states-of-america.png\" alt=\"\" width=\"24\" height=\"24\" \/><\/strong><\/h5>\n<h5><strong>USD ile \u00f6demeler i\u00e7in<\/strong><strong>:<\/strong><\/h5>\n<p>Hesap \u2116: AZ37TCZB40165840002659200103<\/p>\n<h5><strong><img loading=\"lazy\" decoding=\"async\" class=\"size-full wp-image-6896 alignleft\" src=\"https:\/\/intersert.org\/wp-content\/uploads\/2020\/01\/european-union.png\" alt=\"\" width=\"24\" height=\"24\" \/>EUR ile \u00f6demeler i\u00e7in:<\/strong><\/h5>\n<p>Hesap \u2116: AZ74TCZB40165978002659200103<\/p>\n<h5><strong><img loading=\"lazy\" decoding=\"async\" class=\"size-full wp-image-6898 alignleft\" src=\"https:\/\/intersert.org\/wp-content\/uploads\/2020\/01\/turkey.png\" alt=\"\" width=\"24\" height=\"24\" \/>TRY ile \u00f6demeler i\u00e7in:<\/strong><\/h5>\n<p>Hesap \u2116: AZ36TCZB40165949002659200103[\/vc_column_text][\/vc_column][vc_column column_padding=&#8221;no-extra-padding&#8221; column_padding_position=&#8221;all&#8221; background_color_opacity=&#8221;1&#8243; background_hover_color_opacity=&#8221;1&#8243; column_link_target=&#8221;_self&#8221; column_shadow=&#8221;none&#8221; column_border_radius=&#8221;none&#8221; width=&#8221;1\/3&#8243; tablet_width_inherit=&#8221;default&#8221; tablet_text_alignment=&#8221;default&#8221; phone_text_alignment=&#8221;default&#8221; column_border_width=&#8221;none&#8221; column_border_style=&#8221;solid&#8221; bg_image_animation=&#8221;none&#8221;][vc_widget_sidebar sidebar_id=&#8221;page-sidebar&#8221;][\/vc_column][\/vc_row]\n","protected":false},"excerpt":{"rendered":"<p>[vc_row type=&#8221;full_width_background&#8221; full_screen_row_position=&#8221;middle&#8221; bg_image=&#8221;6765&#8243; bg_position=&#8221;center center&#8221; bg_repeat=&#8221;no-repeat&#8221; scene_position=&#8221;center&#8221; text_color=&#8221;light&#8221; text_align=&#8221;left&#8221; top_padding=&#8221;50&#8243; bottom_padding=&#8221;50&#8243; overlay_strength=&#8221;0.3&#8243; shape_divider_position=&#8221;bottom&#8221; bg_image_animation=&#8221;none&#8221; shape_type=&#8221;&#8221;][vc_column column_padding=&#8221;no-extra-padding&#8221; column_padding_position=&#8221;all&#8221; background_color_opacity=&#8221;1&#8243; background_hover_color_opacity=&#8221;1&#8243; column_link_target=&#8221;_self&#8221; column_shadow=&#8221;none&#8221; column_border_radius=&#8221;none&#8221; width=&#8221;1\/1&#8243; tablet_width_inherit=&#8221;default&#8221; tablet_text_alignment=&#8221;default&#8221; phone_text_alignment=&#8221;default&#8221; column_border_width=&#8221;none&#8221; column_border_style=&#8221;solid&#8221; bg_image_animation=&#8221;none&#8221;][vc_custom_heading&#8230;<\/p>\n","protected":false},"author":1,"featured_media":0,"parent":0,"menu_order":0,"comment_status":"closed","ping_status":"closed","template":"","meta":{"footnotes":""},"class_list":["post-160","page","type-page","status-publish"],"translation":{"provider":"WPGlobus","version":"3.0.0","language":"tr","enabled_languages":["az","en","ru","tr"],"languages":{"az":{"title":true,"content":true,"excerpt":false},"en":{"title":true,"content":true,"excerpt":false},"ru":{"title":true,"content":true,"excerpt":false},"tr":{"title":true,"content":true,"excerpt":false}}},"yoast_head":"<!-- This site is optimized with the Yoast SEO plugin v25.1 - https:\/\/yoast.com\/wordpress\/plugins\/seo\/ -->\n<title>Banka bilgileri - INTERSERT<\/title>\n<meta name=\"robots\" content=\"index, follow, max-snippet:-1, max-image-preview:large, max-video-preview:-1\" \/>\n<link rel=\"canonical\" href=\"https:\/\/intersert.org\/bank-details\/\" \/>\n<meta property=\"og:locale\" content=\"tr_TR\" \/>\n<meta property=\"og:type\" content=\"article\" \/>\n<meta property=\"og:title\" content=\"Banka bilgileri - INTERSERT\" \/>\n<meta property=\"og:url\" content=\"https:\/\/intersert.org\/bank-details\/\" \/>\n<meta property=\"og:site_name\" content=\"INTERSERT\" \/>\n<meta property=\"article:publisher\" content=\"https:\/\/www.facebook.com\/intersertglobal\/\" \/>\n<meta property=\"article:modified_time\" content=\"2020-05-14T08:35:39+00:00\" \/>\n<meta property=\"og:image\" content=\"https:\/\/intersert.org\/wp-content\/uploads\/2020\/01\/azerbaijan.png\" \/>\n\t<meta property=\"og:image:width\" content=\"24\" \/>\n\t<meta property=\"og:image:height\" content=\"24\" \/>\n\t<meta property=\"og:image:type\" content=\"image\/png\" \/>\n<meta name=\"twitter:card\" content=\"summary_large_image\" \/>\n<meta name=\"twitter:site\" content=\"@intersertglobal\" \/>\n<meta name=\"twitter:label1\" content=\"Tahmini okuma s\u00fcresi\" \/>\n\t<meta name=\"twitter:data1\" content=\"7 dakika\" \/>\n<script type=\"application\/ld+json\" class=\"yoast-schema-graph\">{\"@context\":\"https:\/\/schema.org\",\"@graph\":[{\"@type\":\"WebPage\",\"@id\":\"https:\/\/intersert.org\/bank-details\/\",\"url\":\"https:\/\/intersert.org\/bank-details\/\",\"name\":\"Banka bilgileri - INTERSERT\",\"isPartOf\":{\"@id\":\"https:\/\/intersert.org\/#website\"},\"primaryImageOfPage\":{\"@id\":\"https:\/\/intersert.org\/bank-details\/#primaryimage\"},\"image\":{\"@id\":\"https:\/\/intersert.org\/bank-details\/#primaryimage\"},\"thumbnailUrl\":\"https:\/\/intersert.org\/wp-content\/uploads\/2020\/01\/azerbaijan.png\",\"datePublished\":\"2019-11-20T12:20:02+00:00\",\"dateModified\":\"2020-05-14T08:35:39+00:00\",\"breadcrumb\":{\"@id\":\"https:\/\/intersert.org\/bank-details\/#breadcrumb\"},\"inLanguage\":\"tr\",\"potentialAction\":[{\"@type\":\"ReadAction\",\"target\":[\"https:\/\/intersert.org\/bank-details\/\"]}]},{\"@type\":\"ImageObject\",\"inLanguage\":\"tr\",\"@id\":\"https:\/\/intersert.org\/bank-details\/#primaryimage\",\"url\":\"https:\/\/intersert.org\/wp-content\/uploads\/2020\/01\/azerbaijan.png\",\"contentUrl\":\"https:\/\/intersert.org\/wp-content\/uploads\/2020\/01\/azerbaijan.png\"},{\"@type\":\"BreadcrumbList\",\"@id\":\"https:\/\/intersert.org\/bank-details\/#breadcrumb\",\"itemListElement\":[{\"@type\":\"ListItem\",\"position\":1,\"name\":\"\u0413\u043b\u0430\u0432\u043d\u0430\u044f \u0441\u0442\u0440\u0430\u043d\u0438\u0446\u0430\",\"item\":\"https:\/\/intersert.org\/\"},{\"@type\":\"ListItem\",\"position\":2,\"name\":\"Bank rekvizitl\u0259rimiz\"}]},{\"@type\":\"WebSite\",\"@id\":\"https:\/\/intersert.org\/#website\",\"url\":\"https:\/\/intersert.org\/\",\"name\":\"INTERSERT\",\"description\":\"Quality for Trust\",\"publisher\":{\"@id\":\"https:\/\/intersert.org\/#organization\"},\"potentialAction\":[{\"@type\":\"SearchAction\",\"target\":{\"@type\":\"EntryPoint\",\"urlTemplate\":\"https:\/\/intersert.org\/?s={search_term_string}\"},\"query-input\":{\"@type\":\"PropertyValueSpecification\",\"valueRequired\":true,\"valueName\":\"search_term_string\"}}],\"inLanguage\":\"tr\"},{\"@type\":\"Organization\",\"@id\":\"https:\/\/intersert.org\/#organization\",\"name\":\"INTERSERT Intersert Conformity Assessment Services Inc.\",\"url\":\"https:\/\/intersert.org\/\",\"logo\":{\"@type\":\"ImageObject\",\"inLanguage\":\"tr\",\"@id\":\"https:\/\/intersert.org\/#\/schema\/logo\/image\/\",\"url\":\"https:\/\/intersert.org\/wp-content\/uploads\/2020\/01\/logoe.svg\",\"contentUrl\":\"https:\/\/intersert.org\/wp-content\/uploads\/2020\/01\/logoe.svg\",\"width\":229,\"height\":132,\"caption\":\"INTERSERT Intersert Conformity Assessment Services Inc.\"},\"image\":{\"@id\":\"https:\/\/intersert.org\/#\/schema\/logo\/image\/\"},\"sameAs\":[\"https:\/\/www.facebook.com\/intersertglobal\/\",\"https:\/\/x.com\/intersertglobal\",\"https:\/\/www.instagram.com\/intersertglobal\/\",\"https:\/\/www.linkedin.com\/company\/intersertglobal\"]}]}<\/script>\n<!-- \/ Yoast SEO plugin. -->","yoast_head_json":{"title":"Banka bilgileri - INTERSERT","robots":{"index":"index","follow":"follow","max-snippet":"max-snippet:-1","max-image-preview":"max-image-preview:large","max-video-preview":"max-video-preview:-1"},"canonical":"https:\/\/intersert.org\/bank-details\/","og_locale":"tr_TR","og_type":"article","og_title":"Banka bilgileri - INTERSERT","og_url":"https:\/\/intersert.org\/bank-details\/","og_site_name":"INTERSERT","article_publisher":"https:\/\/www.facebook.com\/intersertglobal\/","article_modified_time":"2020-05-14T08:35:39+00:00","og_image":[{"width":24,"height":24,"url":"https:\/\/intersert.org\/wp-content\/uploads\/2020\/01\/azerbaijan.png","type":"image\/png"}],"twitter_card":"summary_large_image","twitter_site":"@intersertglobal","twitter_misc":{"Tahmini okuma s\u00fcresi":"7 dakika"},"schema":{"@context":"https:\/\/schema.org","@graph":[{"@type":"WebPage","@id":"https:\/\/intersert.org\/bank-details\/","url":"https:\/\/intersert.org\/bank-details\/","name":"Banka bilgileri - INTERSERT","isPartOf":{"@id":"https:\/\/intersert.org\/#website"},"primaryImageOfPage":{"@id":"https:\/\/intersert.org\/bank-details\/#primaryimage"},"image":{"@id":"https:\/\/intersert.org\/bank-details\/#primaryimage"},"thumbnailUrl":"https:\/\/intersert.org\/wp-content\/uploads\/2020\/01\/azerbaijan.png","datePublished":"2019-11-20T12:20:02+00:00","dateModified":"2020-05-14T08:35:39+00:00","breadcrumb":{"@id":"https:\/\/intersert.org\/bank-details\/#breadcrumb"},"inLanguage":"tr","potentialAction":[{"@type":"ReadAction","target":["https:\/\/intersert.org\/bank-details\/"]}]},{"@type":"ImageObject","inLanguage":"tr","@id":"https:\/\/intersert.org\/bank-details\/#primaryimage","url":"https:\/\/intersert.org\/wp-content\/uploads\/2020\/01\/azerbaijan.png","contentUrl":"https:\/\/intersert.org\/wp-content\/uploads\/2020\/01\/azerbaijan.png"},{"@type":"BreadcrumbList","@id":"https:\/\/intersert.org\/bank-details\/#breadcrumb","itemListElement":[{"@type":"ListItem","position":1,"name":"\u0413\u043b\u0430\u0432\u043d\u0430\u044f \u0441\u0442\u0440\u0430\u043d\u0438\u0446\u0430","item":"https:\/\/intersert.org\/"},{"@type":"ListItem","position":2,"name":"Bank rekvizitl\u0259rimiz"}]},{"@type":"WebSite","@id":"https:\/\/intersert.org\/#website","url":"https:\/\/intersert.org\/","name":"INTERSERT","description":"Quality for Trust","publisher":{"@id":"https:\/\/intersert.org\/#organization"},"potentialAction":[{"@type":"SearchAction","target":{"@type":"EntryPoint","urlTemplate":"https:\/\/intersert.org\/?s={search_term_string}"},"query-input":{"@type":"PropertyValueSpecification","valueRequired":true,"valueName":"search_term_string"}}],"inLanguage":"tr"},{"@type":"Organization","@id":"https:\/\/intersert.org\/#organization","name":"INTERSERT Intersert Conformity Assessment Services Inc.","url":"https:\/\/intersert.org\/","logo":{"@type":"ImageObject","inLanguage":"tr","@id":"https:\/\/intersert.org\/#\/schema\/logo\/image\/","url":"https:\/\/intersert.org\/wp-content\/uploads\/2020\/01\/logoe.svg","contentUrl":"https:\/\/intersert.org\/wp-content\/uploads\/2020\/01\/logoe.svg","width":229,"height":132,"caption":"INTERSERT Intersert Conformity Assessment Services Inc."},"image":{"@id":"https:\/\/intersert.org\/#\/schema\/logo\/image\/"},"sameAs":["https:\/\/www.facebook.com\/intersertglobal\/","https:\/\/x.com\/intersertglobal","https:\/\/www.instagram.com\/intersertglobal\/","https:\/\/www.linkedin.com\/company\/intersertglobal"]}]}},"_links":{"self":[{"href":"https:\/\/intersert.org\/tr\/wp-json\/wp\/v2\/pages\/160","targetHints":{"allow":["GET"]}}],"collection":[{"href":"https:\/\/intersert.org\/tr\/wp-json\/wp\/v2\/pages"}],"about":[{"href":"https:\/\/intersert.org\/tr\/wp-json\/wp\/v2\/types\/page"}],"author":[{"embeddable":true,"href":"https:\/\/intersert.org\/tr\/wp-json\/wp\/v2\/users\/1"}],"replies":[{"embeddable":true,"href":"https:\/\/intersert.org\/tr\/wp-json\/wp\/v2\/comments?post=160"}],"version-history":[{"count":0,"href":"https:\/\/intersert.org\/tr\/wp-json\/wp\/v2\/pages\/160\/revisions"}],"wp:attachment":[{"href":"https:\/\/intersert.org\/tr\/wp-json\/wp\/v2\/media?parent=160"}],"curies":[{"name":"wp","href":"https:\/\/api.w.org\/{rel}","templated":true}]}}