{"id":180,"date":"2019-11-20T12:24:53","date_gmt":"2019-11-20T12:24:53","guid":{"rendered":"https:\/\/intersert.org\/?page_id=180"},"modified":"2020-04-27T07:38:15","modified_gmt":"2020-04-27T07:38:15","slug":"petrochemical-and-chemistry","status":"publish","type":"page","link":"https:\/\/intersert.org\/tr\/petrochemical-and-chemistry\/","title":{"rendered":"Petrokimya ve Kimya"},"content":{"rendered":"[vc_row type=&#8221;in_container&#8221; full_screen_row_position=&#8221;middle&#8221; scene_position=&#8221;center&#8221; text_color=&#8221;dark&#8221; text_align=&#8221;left&#8221; overlay_strength=&#8221;0.3&#8243; shape_divider_position=&#8221;bottom&#8221; bg_image_animation=&#8221;none&#8221;][vc_column column_padding=&#8221;no-extra-padding&#8221; column_padding_position=&#8221;all&#8221; background_color_opacity=&#8221;1&#8243; background_hover_color_opacity=&#8221;1&#8243; column_link_target=&#8221;_self&#8221; column_shadow=&#8221;none&#8221; column_border_radius=&#8221;none&#8221; width=&#8221;2\/3&#8243; tablet_width_inherit=&#8221;default&#8221; tablet_text_alignment=&#8221;default&#8221; phone_text_alignment=&#8221;default&#8221; column_border_width=&#8221;none&#8221; column_border_style=&#8221;solid&#8221; bg_image_animation=&#8221;none&#8221;][image_with_animation image_url=&#8221;6921&#8243; alignment=&#8221;&#8221; animation=&#8221;Fade In&#8221; border_radius=&#8221;none&#8221; box_shadow=&#8221;none&#8221; max_width=&#8221;100%&#8221;][vc_column_text]Ulusal petrol \u015firketleri, entegre petrokimyasallara yat\u0131r\u0131m yaparak d\u00fcnya \u00e7ap\u0131nda \u00e7e\u015fitlilik g\u00f6stermektedir. Kurulmu\u015f kimya \u015firketleri rekabet\u00e7i kalmak ve b\u00fcy\u00fcmeye devam etmek i\u00e7in temel yetkinliklere odaklan\u0131yor. T\u00fcm \u00fcreticiler, en son teknolojiye uygun olarak cihazlar\u0131n g\u00fcvenli\u011fini, uyumlulu\u011funu ve kurulumunu ve \u00e7al\u0131\u015fmas\u0131n\u0131 sa\u011flamal\u0131d\u0131r. Ayr\u0131ca planlanmam\u0131\u015f kesintilerden ka\u00e7\u0131nmal\u0131, enerji t\u00fcketimini azaltmal\u0131, daha s\u00fcrd\u00fcr\u00fclebilir olmal\u0131 ve hammadde olarak kulland\u0131klar\u0131 yem \u00fcr\u00fcnlerinin ve satt\u0131klar\u0131 kimyasal \u00fcr\u00fcnlerin kalitesini sa\u011flamal\u0131d\u0131rlar. Ayr\u0131ca, g\u00fcvenlik \u015firketlerinin s\u00fcrekli olarak yenilik yapmas\u0131 ve yeni varl\u0131klara yat\u0131r\u0131m yapmas\u0131 gerekir. Bu arada, kullan\u0131lmayan ekipmanlar incelenmeli ve daha sonra g\u00fcvenilir ve ekonomik olarak kullan\u0131lmal\u0131d\u0131r. Kimyasal \u00fcr\u00fcnlerin \u00fcretim s\u00fcrecinin normal ko\u015fullar\u0131n\u0131 sa\u011flamak i\u00e7in belirli tipte kimyasal ve petrokimyasal \u00fcr\u00fcnlerin \u00fcretimi belgelendirilmelidir.<\/p>\n<p>B\u00fct\u00fcn bunlar kurallara ve \u00e7evre korumas\u0131na uygun olarak yap\u0131lmal\u0131d\u0131r.[\/vc_column_text][\/vc_column][vc_column column_padding=&#8221;no-extra-padding&#8221; column_padding_position=&#8221;all&#8221; background_color_opacity=&#8221;1&#8243; background_hover_color_opacity=&#8221;1&#8243; column_link_target=&#8221;_self&#8221; column_shadow=&#8221;none&#8221; column_border_radius=&#8221;none&#8221; width=&#8221;1\/3&#8243; tablet_width_inherit=&#8221;default&#8221; tablet_text_alignment=&#8221;default&#8221; phone_text_alignment=&#8221;default&#8221; column_border_width=&#8221;none&#8221; column_border_style=&#8221;solid&#8221; bg_image_animation=&#8221;none&#8221;][vc_widget_sidebar sidebar_id=&#8221;page-sidebar&#8221;][\/vc_column][\/vc_row]\n","protected":false},"excerpt":{"rendered":"<p>[vc_row type=&#8221;in_container&#8221; full_screen_row_position=&#8221;middle&#8221; scene_position=&#8221;center&#8221; text_color=&#8221;dark&#8221; text_align=&#8221;left&#8221; overlay_strength=&#8221;0.3&#8243; shape_divider_position=&#8221;bottom&#8221; bg_image_animation=&#8221;none&#8221;][vc_column column_padding=&#8221;no-extra-padding&#8221; column_padding_position=&#8221;all&#8221; background_color_opacity=&#8221;1&#8243; background_hover_color_opacity=&#8221;1&#8243; column_link_target=&#8221;_self&#8221; column_shadow=&#8221;none&#8221; column_border_radius=&#8221;none&#8221; width=&#8221;2\/3&#8243; tablet_width_inherit=&#8221;default&#8221; tablet_text_alignment=&#8221;default&#8221; phone_text_alignment=&#8221;default&#8221; column_border_width=&#8221;none&#8221; column_border_style=&#8221;solid&#8221; bg_image_animation=&#8221;none&#8221;][image_with_animation image_url=&#8221;6921&#8243; alignment=&#8221;&#8221; animation=&#8221;Fade In&#8221; border_radius=&#8221;none&#8221; box_shadow=&#8221;none&#8221; max_width=&#8221;100%&#8221;][vc_column_text]Ulusal&#8230;<\/p>\n","protected":false},"author":1,"featured_media":0,"parent":0,"menu_order":0,"comment_status":"closed","ping_status":"closed","template":"","meta":{"footnotes":""},"class_list":["post-180","page","type-page","status-publish"],"translation":{"provider":"WPGlobus","version":"3.0.0","language":"tr","enabled_languages":["az","en","ru","tr"],"languages":{"az":{"title":true,"content":true,"excerpt":false},"en":{"title":true,"content":true,"excerpt":false},"ru":{"title":true,"content":true,"excerpt":false},"tr":{"title":true,"content":true,"excerpt":false}}},"yoast_head":"<!-- This site is optimized with the Yoast SEO plugin v25.1 - https:\/\/yoast.com\/wordpress\/plugins\/seo\/ -->\n<title>Petrokimya ve Kimya - INTERSERT<\/title>\n<meta name=\"robots\" content=\"index, follow, max-snippet:-1, max-image-preview:large, max-video-preview:-1\" \/>\n<link rel=\"canonical\" href=\"https:\/\/intersert.org\/petrochemical-and-chemistry\/\" \/>\n<meta property=\"og:locale\" content=\"tr_TR\" \/>\n<meta property=\"og:type\" content=\"article\" \/>\n<meta property=\"og:title\" content=\"Petrokimya ve Kimya - INTERSERT\" \/>\n<meta property=\"og:url\" content=\"https:\/\/intersert.org\/petrochemical-and-chemistry\/\" \/>\n<meta property=\"og:site_name\" content=\"INTERSERT\" \/>\n<meta property=\"article:publisher\" content=\"https:\/\/www.facebook.com\/intersertglobal\/\" \/>\n<meta property=\"article:modified_time\" content=\"2020-04-27T07:38:15+00:00\" \/>\n<meta name=\"twitter:card\" content=\"summary_large_image\" \/>\n<meta name=\"twitter:site\" content=\"@intersertglobal\" \/>\n<meta name=\"twitter:label1\" content=\"Tahmini okuma s\u00fcresi\" \/>\n\t<meta name=\"twitter:data1\" content=\"6 dakika\" \/>\n<script type=\"application\/ld+json\" class=\"yoast-schema-graph\">{\"@context\":\"https:\/\/schema.org\",\"@graph\":[{\"@type\":\"WebPage\",\"@id\":\"https:\/\/intersert.org\/petrochemical-and-chemistry\/\",\"url\":\"https:\/\/intersert.org\/petrochemical-and-chemistry\/\",\"name\":\"Petrokimya ve Kimya - INTERSERT\",\"isPartOf\":{\"@id\":\"https:\/\/intersert.org\/#website\"},\"datePublished\":\"2019-11-20T12:24:53+00:00\",\"dateModified\":\"2020-04-27T07:38:15+00:00\",\"breadcrumb\":{\"@id\":\"https:\/\/intersert.org\/petrochemical-and-chemistry\/#breadcrumb\"},\"inLanguage\":\"tr\",\"potentialAction\":[{\"@type\":\"ReadAction\",\"target\":[\"https:\/\/intersert.org\/petrochemical-and-chemistry\/\"]}]},{\"@type\":\"BreadcrumbList\",\"@id\":\"https:\/\/intersert.org\/petrochemical-and-chemistry\/#breadcrumb\",\"itemListElement\":[{\"@type\":\"ListItem\",\"position\":1,\"name\":\"\u0413\u043b\u0430\u0432\u043d\u0430\u044f \u0441\u0442\u0440\u0430\u043d\u0438\u0446\u0430\",\"item\":\"https:\/\/intersert.org\/\"},{\"@type\":\"ListItem\",\"position\":2,\"name\":\"Neft-kimya v\u0259 Kimya\"}]},{\"@type\":\"WebSite\",\"@id\":\"https:\/\/intersert.org\/#website\",\"url\":\"https:\/\/intersert.org\/\",\"name\":\"INTERSERT\",\"description\":\"Quality for Trust\",\"publisher\":{\"@id\":\"https:\/\/intersert.org\/#organization\"},\"potentialAction\":[{\"@type\":\"SearchAction\",\"target\":{\"@type\":\"EntryPoint\",\"urlTemplate\":\"https:\/\/intersert.org\/?s={search_term_string}\"},\"query-input\":{\"@type\":\"PropertyValueSpecification\",\"valueRequired\":true,\"valueName\":\"search_term_string\"}}],\"inLanguage\":\"tr\"},{\"@type\":\"Organization\",\"@id\":\"https:\/\/intersert.org\/#organization\",\"name\":\"INTERSERT Intersert Conformity Assessment Services Inc.\",\"url\":\"https:\/\/intersert.org\/\",\"logo\":{\"@type\":\"ImageObject\",\"inLanguage\":\"tr\",\"@id\":\"https:\/\/intersert.org\/#\/schema\/logo\/image\/\",\"url\":\"https:\/\/intersert.org\/wp-content\/uploads\/2020\/01\/logoe.svg\",\"contentUrl\":\"https:\/\/intersert.org\/wp-content\/uploads\/2020\/01\/logoe.svg\",\"width\":229,\"height\":132,\"caption\":\"INTERSERT Intersert Conformity Assessment Services Inc.\"},\"image\":{\"@id\":\"https:\/\/intersert.org\/#\/schema\/logo\/image\/\"},\"sameAs\":[\"https:\/\/www.facebook.com\/intersertglobal\/\",\"https:\/\/x.com\/intersertglobal\",\"https:\/\/www.instagram.com\/intersertglobal\/\",\"https:\/\/www.linkedin.com\/company\/intersertglobal\"]}]}<\/script>\n<!-- \/ Yoast SEO plugin. -->","yoast_head_json":{"title":"Petrokimya ve Kimya - INTERSERT","robots":{"index":"index","follow":"follow","max-snippet":"max-snippet:-1","max-image-preview":"max-image-preview:large","max-video-preview":"max-video-preview:-1"},"canonical":"https:\/\/intersert.org\/petrochemical-and-chemistry\/","og_locale":"tr_TR","og_type":"article","og_title":"Petrokimya ve Kimya - INTERSERT","og_url":"https:\/\/intersert.org\/petrochemical-and-chemistry\/","og_site_name":"INTERSERT","article_publisher":"https:\/\/www.facebook.com\/intersertglobal\/","article_modified_time":"2020-04-27T07:38:15+00:00","twitter_card":"summary_large_image","twitter_site":"@intersertglobal","twitter_misc":{"Tahmini okuma s\u00fcresi":"6 dakika"},"schema":{"@context":"https:\/\/schema.org","@graph":[{"@type":"WebPage","@id":"https:\/\/intersert.org\/petrochemical-and-chemistry\/","url":"https:\/\/intersert.org\/petrochemical-and-chemistry\/","name":"Petrokimya ve Kimya - INTERSERT","isPartOf":{"@id":"https:\/\/intersert.org\/#website"},"datePublished":"2019-11-20T12:24:53+00:00","dateModified":"2020-04-27T07:38:15+00:00","breadcrumb":{"@id":"https:\/\/intersert.org\/petrochemical-and-chemistry\/#breadcrumb"},"inLanguage":"tr","potentialAction":[{"@type":"ReadAction","target":["https:\/\/intersert.org\/petrochemical-and-chemistry\/"]}]},{"@type":"BreadcrumbList","@id":"https:\/\/intersert.org\/petrochemical-and-chemistry\/#breadcrumb","itemListElement":[{"@type":"ListItem","position":1,"name":"\u0413\u043b\u0430\u0432\u043d\u0430\u044f \u0441\u0442\u0440\u0430\u043d\u0438\u0446\u0430","item":"https:\/\/intersert.org\/"},{"@type":"ListItem","position":2,"name":"Neft-kimya v\u0259 Kimya"}]},{"@type":"WebSite","@id":"https:\/\/intersert.org\/#website","url":"https:\/\/intersert.org\/","name":"INTERSERT","description":"Quality for Trust","publisher":{"@id":"https:\/\/intersert.org\/#organization"},"potentialAction":[{"@type":"SearchAction","target":{"@type":"EntryPoint","urlTemplate":"https:\/\/intersert.org\/?s={search_term_string}"},"query-input":{"@type":"PropertyValueSpecification","valueRequired":true,"valueName":"search_term_string"}}],"inLanguage":"tr"},{"@type":"Organization","@id":"https:\/\/intersert.org\/#organization","name":"INTERSERT Intersert Conformity Assessment Services Inc.","url":"https:\/\/intersert.org\/","logo":{"@type":"ImageObject","inLanguage":"tr","@id":"https:\/\/intersert.org\/#\/schema\/logo\/image\/","url":"https:\/\/intersert.org\/wp-content\/uploads\/2020\/01\/logoe.svg","contentUrl":"https:\/\/intersert.org\/wp-content\/uploads\/2020\/01\/logoe.svg","width":229,"height":132,"caption":"INTERSERT Intersert Conformity Assessment Services Inc."},"image":{"@id":"https:\/\/intersert.org\/#\/schema\/logo\/image\/"},"sameAs":["https:\/\/www.facebook.com\/intersertglobal\/","https:\/\/x.com\/intersertglobal","https:\/\/www.instagram.com\/intersertglobal\/","https:\/\/www.linkedin.com\/company\/intersertglobal"]}]}},"_links":{"self":[{"href":"https:\/\/intersert.org\/tr\/wp-json\/wp\/v2\/pages\/180","targetHints":{"allow":["GET"]}}],"collection":[{"href":"https:\/\/intersert.org\/tr\/wp-json\/wp\/v2\/pages"}],"about":[{"href":"https:\/\/intersert.org\/tr\/wp-json\/wp\/v2\/types\/page"}],"author":[{"embeddable":true,"href":"https:\/\/intersert.org\/tr\/wp-json\/wp\/v2\/users\/1"}],"replies":[{"embeddable":true,"href":"https:\/\/intersert.org\/tr\/wp-json\/wp\/v2\/comments?post=180"}],"version-history":[{"count":0,"href":"https:\/\/intersert.org\/tr\/wp-json\/wp\/v2\/pages\/180\/revisions"}],"wp:attachment":[{"href":"https:\/\/intersert.org\/tr\/wp-json\/wp\/v2\/media?parent=180"}],"curies":[{"name":"wp","href":"https:\/\/api.w.org\/{rel}","templated":true}]}}