{"id":6663,"date":"2020-01-06T11:42:39","date_gmt":"2020-01-06T11:42:39","guid":{"rendered":"https:\/\/intersert.org\/?page_id=6663"},"modified":"2020-03-30T10:23:34","modified_gmt":"2020-03-30T10:23:34","slug":"iso-45001","status":"publish","type":"page","link":"https:\/\/intersert.org\/tr\/standards\/iso-45001\/","title":{"rendered":"ISO 45001"},"content":{"rendered":"[vc_row type=&#8221;in_container&#8221; full_screen_row_position=&#8221;middle&#8221; scene_position=&#8221;center&#8221; text_color=&#8221;dark&#8221; text_align=&#8221;left&#8221; overlay_strength=&#8221;0.3&#8243; shape_divider_position=&#8221;bottom&#8221; bg_image_animation=&#8221;none&#8221; shape_type=&#8221;&#8221;][vc_column column_padding=&#8221;no-extra-padding&#8221; column_padding_position=&#8221;all&#8221; background_color=&#8221;#ffffff&#8221; background_color_opacity=&#8221;1&#8243; background_hover_color_opacity=&#8221;1&#8243; column_link_target=&#8221;_self&#8221; column_shadow=&#8221;none&#8221; column_border_radius=&#8221;none&#8221; width=&#8221;2\/3&#8243; tablet_width_inherit=&#8221;default&#8221; tablet_text_alignment=&#8221;default&#8221; phone_text_alignment=&#8221;default&#8221; column_border_width=&#8221;none&#8221; column_border_style=&#8221;solid&#8221; bg_image_animation=&#8221;none&#8221;][image_with_animation image_url=&#8221;6664&#8243; alignment=&#8221;center&#8221; animation=&#8221;Fade In&#8221; border_radius=&#8221;none&#8221; box_shadow=&#8221;none&#8221; max_width=&#8221;100%&#8221;][vc_custom_heading text=&#8221;\u0130SO 45001 Pe\u015f\u0259 sa\u011flaml\u0131\u011f\u0131 v\u0259 T\u0259hl\u00fck\u0259sizliyi \u0130dar\u0259etm\u0259 Sistemi n\u0259dir?&#8221; font_container=&#8221;tag:h2|font_size:32|text_align:left|line_height:52px&#8221; use_theme_fonts=&#8221;yes&#8221; css=&#8221;.vc_custom_1578310908181{padding-top: 32px !important;}&#8221; el_class=&#8221;text-bold&#8221;][vc_column_text css=&#8221;.vc_custom_1578901993795{margin-top: 30px !important;margin-bottom: 30px !important;}&#8221;]B\u00fct\u00fcn d\u00fcnyada i\u015f\u00e7il\u0259rin t\u0259hl\u00fck\u0259sizliyini yax\u015f\u0131la\u015fd\u0131rma\u011fa, i\u015f yerind\u0259ki riskl\u0259ri azaltma\u011fa v\u0259 daha yax\u015f\u0131, daha etibarl\u0131 i\u015f \u015f\u0259raiti yaratma\u011fa k\u00f6m\u0259k ed\u0259c\u0259k bir standart olan \u0130SO 45001 t\u0259l\u0259bl\u0259ri ist\u0259nil\u0259n t\u0259\u015fkilatlara t\u0259tbiq edil\u0259 bil\u0259r.<\/p>\n<p>H\u0259r g\u00fcn i\u015f q\u0259zalar\u0131 v\u0259 ya i\u015fl\u0259 \u0259laq\u0259li x\u0259st\u0259likl\u0259rd\u0259n 7,600-d\u0259n \u00e7ox insan \u00f6l\u00fcr \u2013 bu ild\u0259 2,78 milyon n\u0259f\u0259r d\u0259n daha art\u0131qd\u0131r. \u0130\u015f q\u0259zalar\u0131 v\u0259 x\u0259st\u0259likl\u0259rin y\u00fck\u00fc h\u0259m i\u015f\u0259g\u00f6t\u00fcr\u0259nl\u0259r, h\u0259m d\u0259 b\u00fct\u00f6vl\u00fckd\u0259 iqtisadiyyat \u00fc\u00e7\u00fcn \u0259h\u0259miyy\u0259tlidir, n\u0259tic\u0259d\u0259 erk\u0259n t\u0259qa\u00fcd\u0259 \u00e7\u0131xmaq, i\u015f\u00e7il\u0259rin olmamas\u0131 v\u0259 s\u0131\u011forta haqlar\u0131n\u0131n artmas\u0131 il\u0259 n\u0259tic\u0259l\u0259nir.<\/p>\n<h5><strong>\u0130SO 45001 Pe\u015f\u0259 sa\u011flaml\u0131\u011f\u0131 v\u0259 T\u0259hl\u00fck\u0259sizliyi \u0130dar\u0259etm\u0259 Sisteminin \u00fcst\u00fcnl\u00fckl\u0259ri n\u0259l\u0259rdir?<\/strong><\/h5>\n<ul>\n<li>Sistemli bir yana\u015fma il\u0259, t\u0259\u015fkilat\u0131n \u0259m\u0259k t\u0259hl\u00fck\u0259sizliyi v\u0259 i\u015f sa\u011flaml\u0131\u011f\u0131 il\u0259 \u0259laq\u0259li riskl\u0259rini kontrol alt\u0131na almaq<\/li>\n<li>M\u0259hsuldarl\u0131\u011f\u0131 maksimum d\u0259r\u0259c\u0259d\u0259 art\u0131rmaq<\/li>\n<li>\u0130\u015f\u00e7i q\u00fcvv\u0259nizi sa\u011flam saxlamaq v\u0259 inki\u015faf ed\u0259n riskl\u0259ri m\u00fc\u0259yy\u0259n v\u0259 h\u0259ll etm\u0259k<\/li>\n<li>R\u0259qab\u0259t \u00fcst\u00fcnl\u00fcy\u00fc t\u0259min etm\u0259k \u00fc\u00e7\u00fcn yeni standartlar m\u00fc\u0259yy\u0259nl\u0259\u015fdirm\u0259k<\/li>\n<\/ul>\n[\/vc_column_text][\/vc_column][vc_column column_padding=&#8221;no-extra-padding&#8221; column_padding_position=&#8221;all&#8221; background_color_opacity=&#8221;1&#8243; background_hover_color_opacity=&#8221;1&#8243; column_link_target=&#8221;_self&#8221; column_shadow=&#8221;none&#8221; column_border_radius=&#8221;none&#8221; width=&#8221;1\/3&#8243; tablet_width_inherit=&#8221;default&#8221; tablet_text_alignment=&#8221;default&#8221; phone_text_alignment=&#8221;default&#8221; column_border_width=&#8221;none&#8221; column_border_style=&#8221;solid&#8221; bg_image_animation=&#8221;none&#8221;][vc_widget_sidebar sidebar_id=&#8221;page-sidebar&#8221;][\/vc_column][\/vc_row]\n","protected":false},"excerpt":{"rendered":"<p>[vc_row type=&#8221;in_container&#8221; full_screen_row_position=&#8221;middle&#8221; scene_position=&#8221;center&#8221; text_color=&#8221;dark&#8221; text_align=&#8221;left&#8221; overlay_strength=&#8221;0.3&#8243; shape_divider_position=&#8221;bottom&#8221; bg_image_animation=&#8221;none&#8221; shape_type=&#8221;&#8221;][vc_column column_padding=&#8221;no-extra-padding&#8221; column_padding_position=&#8221;all&#8221; background_color=&#8221;#ffffff&#8221; background_color_opacity=&#8221;1&#8243; background_hover_color_opacity=&#8221;1&#8243; column_link_target=&#8221;_self&#8221; column_shadow=&#8221;none&#8221; column_border_radius=&#8221;none&#8221; width=&#8221;2\/3&#8243; tablet_width_inherit=&#8221;default&#8221; tablet_text_alignment=&#8221;default&#8221; phone_text_alignment=&#8221;default&#8221; column_border_width=&#8221;none&#8221; column_border_style=&#8221;solid&#8221; bg_image_animation=&#8221;none&#8221;][image_with_animation image_url=&#8221;6664&#8243; alignment=&#8221;center&#8221; animation=&#8221;Fade In&#8221; border_radius=&#8221;none&#8221;&#8230;<\/p>\n","protected":false},"author":1,"featured_media":0,"parent":6524,"menu_order":0,"comment_status":"closed","ping_status":"closed","template":"","meta":{"footnotes":""},"class_list":["post-6663","page","type-page","status-publish"],"translation":{"provider":"WPGlobus","version":"3.0.0","language":"tr","enabled_languages":["az","en","ru","tr"],"languages":{"az":{"title":true,"content":true,"excerpt":false},"en":{"title":true,"content":true,"excerpt":false},"ru":{"title":true,"content":true,"excerpt":false},"tr":{"title":false,"content":false,"excerpt":false}}},"yoast_head":"<!-- This site is optimized with the Yoast SEO plugin v25.1 - https:\/\/yoast.com\/wordpress\/plugins\/seo\/ -->\n<title>- INTERSERT<\/title>\n<meta name=\"robots\" content=\"index, follow, max-snippet:-1, max-image-preview:large, max-video-preview:-1\" \/>\n<link rel=\"canonical\" href=\"https:\/\/intersert.org\/ru\/standards\/iso-45001\/\" \/>\n<meta property=\"og:locale\" content=\"tr_TR\" \/>\n<meta property=\"og:type\" content=\"article\" \/>\n<meta property=\"og:title\" content=\"- INTERSERT\" \/>\n<meta property=\"og:url\" content=\"https:\/\/intersert.org\/ru\/standards\/iso-45001\/\" \/>\n<meta property=\"og:site_name\" content=\"INTERSERT\" \/>\n<meta property=\"article:publisher\" content=\"https:\/\/www.facebook.com\/intersertglobal\/\" \/>\n<meta property=\"article:modified_time\" content=\"2020-03-30T10:23:34+00:00\" \/>\n<meta name=\"twitter:card\" content=\"summary_large_image\" \/>\n<meta name=\"twitter:site\" content=\"@intersertglobal\" \/>\n<meta name=\"twitter:label1\" content=\"Tahmini okuma s\u00fcresi\" \/>\n\t<meta name=\"twitter:data1\" content=\"5 dakika\" \/>\n<script type=\"application\/ld+json\" class=\"yoast-schema-graph\">{\"@context\":\"https:\/\/schema.org\",\"@graph\":[{\"@type\":\"WebPage\",\"@id\":\"https:\/\/intersert.org\/ru\/standards\/iso-45001\/\",\"url\":\"https:\/\/intersert.org\/ru\/standards\/iso-45001\/\",\"name\":\"- INTERSERT\",\"isPartOf\":{\"@id\":\"https:\/\/intersert.org\/#website\"},\"datePublished\":\"2020-01-06T11:42:39+00:00\",\"dateModified\":\"2020-03-30T10:23:34+00:00\",\"breadcrumb\":{\"@id\":\"https:\/\/intersert.org\/ru\/standards\/iso-45001\/#breadcrumb\"},\"inLanguage\":\"tr\",\"potentialAction\":[{\"@type\":\"ReadAction\",\"target\":[\"https:\/\/intersert.org\/ru\/standards\/iso-45001\/\"]}]},{\"@type\":\"BreadcrumbList\",\"@id\":\"https:\/\/intersert.org\/ru\/standards\/iso-45001\/#breadcrumb\",\"itemListElement\":[{\"@type\":\"ListItem\",\"position\":1,\"name\":\"\u0413\u043b\u0430\u0432\u043d\u0430\u044f \u0441\u0442\u0440\u0430\u043d\u0438\u0446\u0430\",\"item\":\"https:\/\/intersert.org\/\"},{\"@type\":\"ListItem\",\"position\":2,\"name\":\"\u0421\u0442\u0430\u043d\u0434\u0430\u0440\u0442\u044b\",\"item\":\"https:\/\/intersert.org\/ru\/standards\/\"},{\"@type\":\"ListItem\",\"position\":3,\"name\":\"\u0418\u0421\u041e 45001\"}]},{\"@type\":\"WebSite\",\"@id\":\"https:\/\/intersert.org\/#website\",\"url\":\"https:\/\/intersert.org\/\",\"name\":\"INTERSERT\",\"description\":\"Quality for Trust\",\"publisher\":{\"@id\":\"https:\/\/intersert.org\/#organization\"},\"potentialAction\":[{\"@type\":\"SearchAction\",\"target\":{\"@type\":\"EntryPoint\",\"urlTemplate\":\"https:\/\/intersert.org\/?s={search_term_string}\"},\"query-input\":{\"@type\":\"PropertyValueSpecification\",\"valueRequired\":true,\"valueName\":\"search_term_string\"}}],\"inLanguage\":\"tr\"},{\"@type\":\"Organization\",\"@id\":\"https:\/\/intersert.org\/#organization\",\"name\":\"INTERSERT Intersert Conformity Assessment Services Inc.\",\"url\":\"https:\/\/intersert.org\/\",\"logo\":{\"@type\":\"ImageObject\",\"inLanguage\":\"tr\",\"@id\":\"https:\/\/intersert.org\/#\/schema\/logo\/image\/\",\"url\":\"https:\/\/intersert.org\/wp-content\/uploads\/2020\/01\/logoe.svg\",\"contentUrl\":\"https:\/\/intersert.org\/wp-content\/uploads\/2020\/01\/logoe.svg\",\"width\":229,\"height\":132,\"caption\":\"INTERSERT Intersert Conformity Assessment Services Inc.\"},\"image\":{\"@id\":\"https:\/\/intersert.org\/#\/schema\/logo\/image\/\"},\"sameAs\":[\"https:\/\/www.facebook.com\/intersertglobal\/\",\"https:\/\/x.com\/intersertglobal\",\"https:\/\/www.instagram.com\/intersertglobal\/\",\"https:\/\/www.linkedin.com\/company\/intersertglobal\"]}]}<\/script>\n<!-- \/ Yoast SEO plugin. -->","yoast_head_json":{"title":"- INTERSERT","robots":{"index":"index","follow":"follow","max-snippet":"max-snippet:-1","max-image-preview":"max-image-preview:large","max-video-preview":"max-video-preview:-1"},"canonical":"https:\/\/intersert.org\/ru\/standards\/iso-45001\/","og_locale":"tr_TR","og_type":"article","og_title":"- INTERSERT","og_url":"https:\/\/intersert.org\/ru\/standards\/iso-45001\/","og_site_name":"INTERSERT","article_publisher":"https:\/\/www.facebook.com\/intersertglobal\/","article_modified_time":"2020-03-30T10:23:34+00:00","twitter_card":"summary_large_image","twitter_site":"@intersertglobal","twitter_misc":{"Tahmini okuma s\u00fcresi":"5 dakika"},"schema":{"@context":"https:\/\/schema.org","@graph":[{"@type":"WebPage","@id":"https:\/\/intersert.org\/ru\/standards\/iso-45001\/","url":"https:\/\/intersert.org\/ru\/standards\/iso-45001\/","name":"- INTERSERT","isPartOf":{"@id":"https:\/\/intersert.org\/#website"},"datePublished":"2020-01-06T11:42:39+00:00","dateModified":"2020-03-30T10:23:34+00:00","breadcrumb":{"@id":"https:\/\/intersert.org\/ru\/standards\/iso-45001\/#breadcrumb"},"inLanguage":"tr","potentialAction":[{"@type":"ReadAction","target":["https:\/\/intersert.org\/ru\/standards\/iso-45001\/"]}]},{"@type":"BreadcrumbList","@id":"https:\/\/intersert.org\/ru\/standards\/iso-45001\/#breadcrumb","itemListElement":[{"@type":"ListItem","position":1,"name":"\u0413\u043b\u0430\u0432\u043d\u0430\u044f \u0441\u0442\u0440\u0430\u043d\u0438\u0446\u0430","item":"https:\/\/intersert.org\/"},{"@type":"ListItem","position":2,"name":"\u0421\u0442\u0430\u043d\u0434\u0430\u0440\u0442\u044b","item":"https:\/\/intersert.org\/ru\/standards\/"},{"@type":"ListItem","position":3,"name":"\u0418\u0421\u041e 45001"}]},{"@type":"WebSite","@id":"https:\/\/intersert.org\/#website","url":"https:\/\/intersert.org\/","name":"INTERSERT","description":"Quality for Trust","publisher":{"@id":"https:\/\/intersert.org\/#organization"},"potentialAction":[{"@type":"SearchAction","target":{"@type":"EntryPoint","urlTemplate":"https:\/\/intersert.org\/?s={search_term_string}"},"query-input":{"@type":"PropertyValueSpecification","valueRequired":true,"valueName":"search_term_string"}}],"inLanguage":"tr"},{"@type":"Organization","@id":"https:\/\/intersert.org\/#organization","name":"INTERSERT Intersert Conformity Assessment Services Inc.","url":"https:\/\/intersert.org\/","logo":{"@type":"ImageObject","inLanguage":"tr","@id":"https:\/\/intersert.org\/#\/schema\/logo\/image\/","url":"https:\/\/intersert.org\/wp-content\/uploads\/2020\/01\/logoe.svg","contentUrl":"https:\/\/intersert.org\/wp-content\/uploads\/2020\/01\/logoe.svg","width":229,"height":132,"caption":"INTERSERT Intersert Conformity Assessment Services Inc."},"image":{"@id":"https:\/\/intersert.org\/#\/schema\/logo\/image\/"},"sameAs":["https:\/\/www.facebook.com\/intersertglobal\/","https:\/\/x.com\/intersertglobal","https:\/\/www.instagram.com\/intersertglobal\/","https:\/\/www.linkedin.com\/company\/intersertglobal"]}]}},"_links":{"self":[{"href":"https:\/\/intersert.org\/tr\/wp-json\/wp\/v2\/pages\/6663","targetHints":{"allow":["GET"]}}],"collection":[{"href":"https:\/\/intersert.org\/tr\/wp-json\/wp\/v2\/pages"}],"about":[{"href":"https:\/\/intersert.org\/tr\/wp-json\/wp\/v2\/types\/page"}],"author":[{"embeddable":true,"href":"https:\/\/intersert.org\/tr\/wp-json\/wp\/v2\/users\/1"}],"replies":[{"embeddable":true,"href":"https:\/\/intersert.org\/tr\/wp-json\/wp\/v2\/comments?post=6663"}],"version-history":[{"count":0,"href":"https:\/\/intersert.org\/tr\/wp-json\/wp\/v2\/pages\/6663\/revisions"}],"up":[{"embeddable":true,"href":"https:\/\/intersert.org\/tr\/wp-json\/wp\/v2\/pages\/6524"}],"wp:attachment":[{"href":"https:\/\/intersert.org\/tr\/wp-json\/wp\/v2\/media?parent=6663"}],"curies":[{"name":"wp","href":"https:\/\/api.w.org\/{rel}","templated":true}]}}