{"id":6676,"date":"2020-01-06T12:05:26","date_gmt":"2020-01-06T12:05:26","guid":{"rendered":"https:\/\/intersert.org\/?page_id=6676"},"modified":"2021-09-14T12:49:05","modified_gmt":"2021-09-14T12:49:05","slug":"usefull","status":"publish","type":"page","link":"https:\/\/intersert.org\/tr\/usefull\/","title":{"rendered":"Yararl\u0131"},"content":{"rendered":"[vc_row type=&#8221;full_width_background&#8221; full_screen_row_position=&#8221;middle&#8221; scene_position=&#8221;center&#8221; text_color=&#8221;dark&#8221; text_align=&#8221;left&#8221; top_padding=&#8221;4%&#8221; bottom_padding=&#8221;4%&#8221; overlay_strength=&#8221;0.3&#8243; shape_divider_position=&#8221;bottom&#8221; bg_image_animation=&#8221;none&#8221; shape_type=&#8221;&#8221;][vc_column column_padding=&#8221;padding-2-percent&#8221; column_padding_position=&#8221;all&#8221; background_color_opacity=&#8221;1&#8243; background_hover_color_opacity=&#8221;1&#8243; column_link_target=&#8221;_self&#8221; column_shadow=&#8221;none&#8221; column_border_radius=&#8221;none&#8221; width=&#8221;1\/2&#8243; tablet_width_inherit=&#8221;default&#8221; tablet_text_alignment=&#8221;default&#8221; phone_text_alignment=&#8221;default&#8221; column_border_width=&#8221;none&#8221; column_border_style=&#8221;solid&#8221; bg_image_animation=&#8221;none&#8221;][vc_column_text]\n<h3><strong><u>Belgelendirme<\/u><\/strong><\/h3>\n[\/vc_column_text][toggles style=&#8221;default&#8221;][toggle color=&#8221;Default&#8221; title=&#8221;Belgelendirme nedir?&#8221;][vc_column_text]Sertifikatla\u015fd\u0131rma lat\u0131n dilind\u0259n t\u0259xmini t\u0259rc\u00fcm\u0259d\u0259 \u201cd\u00fczg\u00fcn edilmi\u015f\u201d m\u0259nas\u0131n\u0131 verir. Bel\u0259likl\u0259 \u201csertifikat\u201d istehsal edilmi\u015f m\u0259hsulun v\u0259 ya t\u0259qdim edil\u0259n xidm\u0259tin bu sah\u0259d\u0259 m\u00f6vcud olan standarta uy\u011funlu\u011funu t\u0259sdiq edir. \u0130stehsalat m\u00fc\u0259ssis\u0259si v\u0259 ya xidm\u0259t g\u00f6st\u0259r\u0259n m\u00fc\u0259ssis\u0259 t\u0259r\u0259find\u0259n sertifikat\u0131n al\u0131nmas\u0131 prosesin\u0259 sertifikatla\u015fd\u0131rma deyirl\u0259r. Bu termin ilk d\u0259f\u0259 olaraq ISO-nun Sertifikatla\u015fd\u0131rma M\u0259s\u0259l\u0259l\u0259ri \u00fczr\u0259 Komit\u0259si (CASCO) t\u0259r\u0259find\u0259n istifad\u0259 edilmi\u015fdir.[\/vc_column_text][\/toggle][toggle color=&#8221;Default&#8221; title=&#8221;Belgelendirmenin amac\u0131&#8221;][vc_column_text]M\u0259hsulun sertifikatla\u015fd\u0131r\u0131lmas\u0131 \u0259halinin h\u0259yat\u0131n\u0131n, sa\u011flaml\u0131\u011f\u0131n\u0131n, \u0259mlak\u0131n\u0131n v\u0259 \u0259traf m\u00fchit \u00fc\u00e7\u00fcn t\u0259hl\u00fck\u0259li olan m\u0259hsulun burax\u0131lmas\u0131n\u0131n v\u0259 sat\u0131\u015f\u0131n\u0131n qar\u015f\u0131s\u0131n\u0131n\u00a0al\u0131nmas\u0131, istehlak\u00e7\u0131lara m\u0259hsulun s\u0259ri\u015ft\u0259li se\u00e7ilm\u0259sind\u0259 k\u00f6m\u0259kliyin g\u00f6st\u0259rilm\u0259si v\u0259 m\u00fc\u0259ssis\u0259l\u0259rin beyn\u0259lxalq-iqtisadi, elmi-texniki \u0259m\u0259kda\u015fl\u0131qda v\u0259 beyn\u0259lxalq ticar\u0259td\u0259 i\u015ftirak\u0131 \u00fc\u00e7\u00fcn \u015f\u0259raitin yarad\u0131lmas\u0131 \u00fc\u00e7\u00fcn apar\u0131l\u0131r.[\/vc_column_text][\/toggle][toggle color=&#8221;Default&#8221; title=&#8221;Sertifika t\u00fcrleri&#8221;][vc_column_text]M\u0259hsullar\u0131n (xidm\u0259tl\u0259rin, i\u015fl\u0259rin) sertifikatla\u015fd\u0131r\u0131lmas\u0131 iki istiqam\u0259td\u0259 m\u0259cburilik v\u0259 k\u00f6n\u00fcll\u00fcl\u00fck \u0259sas\u0131nda apar\u0131l\u0131r.[\/vc_column_text][\/toggle][toggle color=&#8221;Default&#8221; title=&#8221;Zorunlu belgelendirme&#8221;][vc_column_text]X\u00fcsusi s\u0259lahiyy\u0259t verilmi\u015f orqan t\u0259r\u0259find\u0259n m\u0259hsullar\u0131n, prosesl\u0259rin v\u0259 xidm\u0259tl\u0259rin normativ s\u0259n\u0259dl\u0259rin m\u0259cburi t\u0259l\u0259bl\u0259rin\u0259 uy\u011funlu\u011funun t\u0259sdiql\u0259nm\u0259sidir.<\/p>\n<p>M\u0259cburi sertifikatla\u015fd\u0131rma \u0259traf m\u00fchitin m\u00fchafiz\u0259si, insanlar\u0131n h\u0259yat\u0131, sa\u011flaml\u0131\u011f\u0131 v\u0259 \u0259mlak\u0131n\u0131n t\u0259hl\u00fck\u0259sizliyinin t\u0259min edilm\u0259si il\u0259 ba\u011fl\u0131 m\u0259hsullar v\u0259 xidm\u0259tl\u0259r \u00fc\u00e7\u00fcn h\u0259yata ke\u00e7irilir. Qanunvericilikl\u0259 m\u00fc\u0259yy\u0259n edil\u0259n bu mallara qoyulan t\u0259l\u0259bl\u0259rin b\u00fct\u00fcn istehsal\u00e7\u0131lar t\u0259r\u0259find\u0259n yerin\u0259 yetirilm\u0259si m\u0259cburi xarakter da\u015f\u0131y\u0131r.[\/vc_column_text][\/toggle][toggle color=&#8221;Default&#8221; title=&#8221;G\u00f6n\u00fcll\u00fc belgelendirme&#8221;][vc_column_text]\u0130stehsal\u00e7\u0131n\u0131n (icra\u00e7\u0131n\u0131n, sat\u0131c\u0131n\u0131n, t\u0259dar\u00fck\u00e7\u00fcn\u00fcn), m\u0259hsulun istehlak\u00e7\u0131s\u0131n\u0131n, h\u0259m\u00e7inin d\u00f6vl\u0259t orqanlar\u0131n\u0131n (sifari\u015f\u00e7inin) t\u0259\u015f\u0259bb\u00fcs\u00fc il\u0259 k\u00f6n\u00fcll\u00fcl\u00fck \u0259sas\u0131nda ke\u00e7iril\u0259n sertifikatla\u015fd\u0131rmad\u0131r.[\/vc_column_text][\/toggle][toggle color=&#8221;Default&#8221; title=&#8221;Uygunluk belgelendirme&#8221;][vc_column_text]Laz\u0131mi t\u0259rzd\u0259 eynil\u0259\u015fdirilmi\u015f m\u0259hsulun, prosesin v\u0259 ya xidm\u0259tin konkret standarta v\u0259 ya dig\u0259r normativ s\u0259n\u0259d\u0259 uy\u011fun oldu\u011funa z\u0259man\u0259tin \u00fc\u00e7\u00fcnc\u00fc t\u0259r\u0259fin (istehsal\u00e7\u0131 \u2013 birinci t\u0259r\u0259f, istehlak\u00e7\u0131 \u2013 ikinci t\u0259r\u0259f) inaml\u0131 s\u00fcbut etm\u0259sidir.<\/p>\n<p>K\u00f6n\u00fcll\u00fc sertifikatla\u015fd\u0131rma is\u0259 o hallarda apar\u0131l\u0131r ki, m\u0259hsullar, prosesl\u0259r v\u0259 xidm\u0259tl\u0259r \u00fc\u00e7\u00fcn m\u00f6vcud standartlar\u0131n v\u0259 dig\u0259r normativ s\u0259n\u0259dl\u0259rin t\u0259l\u0259bl\u0259rin\u0259 riay\u0259t olunmas\u0131 d\u00f6vl\u0259t t\u0259r\u0259find\u0259n n\u0259z\u0259rd\u0259 tutulmam\u0131\u015fd\u0131r. K\u00f6n\u00fcll\u00fc sertifikatla\u015fd\u0131rma o m\u0259hsullar \u00fc\u00e7\u00fcn apar\u0131l\u0131r ki, onlara m\u0259cburi t\u0259hl\u00fck\u0259sizlik t\u0259l\u0259bl\u0259ri \u015famil edilmir. Bununla yana\u015f\u0131 k\u00f6n\u00fcll\u00fc sertifikatla\u015fd\u0131rma etibarl\u0131l\u0131q, estetik, q\u0259na\u0259tcillik v\u0259 s. g\u00f6st\u0259ricil\u0259rin yoxlanmas\u0131 hesab\u0131na bazara keyfiyy\u0259tsiz mallar\u0131n \u00e7\u0131xar\u0131lmas\u0131n\u0131 m\u0259hdudla\u015fd\u0131r\u0131r. Bu zaman k\u00f6n\u00fcll\u00fc serifikatla\u015fd\u0131rma m\u0259cburi sertifikatla\u015fd\u0131rman\u0131 \u0259v\u0259z etmir v\u0259 onun n\u0259tic\u0259l\u0259ri m\u0259hsulun burax\u0131lmas\u0131n\u0131 qada\u011fan etm\u0259k \u00fc\u00e7\u00fcn \u0259sas deyildir.[\/vc_column_text][\/toggle][toggle color=&#8221;Default&#8221; title=&#8221;Lisans, Sertifika ve Uygunluk i\u015faretlerini kullanma kurallar\u0131&#8221;][vc_column_text]<strong>\u00a0 \u00a0 \u00a0 \u00a0 \u00a01. Uygunluk i\u015faretinin kullan\u0131m kurallar\u0131<\/strong><\/p>\n<p>INTERSERT m\u00fc\u015fterilerin uygunluk i\u015faretinin kullan\u0131m\u0131n\u0131n izlenmesini sa\u011flamal\u0131d\u0131r.<\/p>\n<p>1.1. Uygunluk i\u015faresi sertifikal\u0131 bir \u00fcr\u00fcn i\u00e7in kullan\u0131l\u0131r.<\/p>\n<p>1.2. Onaylanmam\u0131\u015f \u00fcr\u00fcnler, uygunluk i\u015faresi ile tan\u0131mlanan kataloglara ve bro\u015f\u00fcrlere dahil edilmemelidir.<\/p>\n<p>1.3. \u00dcr\u00fcn\u00fcn kalitesini onaylayan belgelerde uygunluk i\u015faresi kullan\u0131lmamal\u0131d\u0131r.<\/p>\n<p>1.4. Uygunluk i\u015faresi \u00a0\u00fcr\u00fcnler \u00fczerinde veya paketlerin \u00fczerinde kullan\u0131lmamal\u0131d\u0131r.<\/p>\n<p>1.5. INTERSERT m\u00fc\u015fteriye uygunluk i\u015fareti sa\u011fl\u0131yor.<\/p>\n<p>1.6. Uygunluk i\u015fareti kullan\u0131l\u0131rken bir hatadan ka\u00e7\u0131n\u0131lmal\u0131d\u0131r.[\/vc_column_text][\/toggle][toggle color=&#8221;Default&#8221; title=&#8221;INTERSERT sertifikas\u0131na referansla m\u00fc\u015fteri organizasyonuna ili\u015fkin \u015fartlar&#8221;][vc_column_text]Medyadaki sertifikan\u0131n durumu (\u0130nternet, reklamc\u0131l\u0131k, vb.) hakk\u0131nda bilgi verirken INTERSERT&#8217;in a\u015fa\u011f\u0131daki gereksinimlerine uymal\u0131d\u0131r.<\/p>\n<ol>\n<li>Sertifika hakk\u0131nda bilgi verilirken hi\u00e7bir hata yap\u0131lmamal\u0131d\u0131r.<\/li>\n<li>Hata durumunda sertifika kullan\u0131lmamal\u0131d\u0131r.<\/li>\n<li>Sertifika, ge\u00e7erlili\u011fi ask\u0131ya al\u0131nd\u0131\u011f\u0131nda veya iptal edildi\u011finde reklam ama\u00e7l\u0131 kullan\u0131lmaz.<\/li>\n<li>Sertifikan\u0131n kapsam\u0131 s\u0131n\u0131rl\u0131ysa, reklam malzemeleri ayarlanmal\u0131d\u0131r.<\/li>\n<li>Bir \u00fcr\u00fcn sertifikas\u0131na at\u0131fta bulunurken, kalite y\u00f6netim sisteminin sertifikas\u0131 olarak yorumlanmamal\u0131d\u0131r.<\/li>\n<li>Sertifika, sertifikasyon alan\u0131yla ilgili olmayan faaliyetler i\u00e7in ge\u00e7erli olarak yorumlanmamal\u0131d\u0131r.<\/li>\n<li>INTERSERT imaj\u0131n\u0131 olumsuz y\u00f6nde etkileyen veya sertifikasyon sistemine halk\u0131n g\u00fcvenini zay\u0131flatan durumlarda sertifika kullan\u0131lmamal\u0131d\u0131r.<\/li>\n<\/ol>\n<p>INTERSERT, belgelendirme belgelerinin, uygunluk i\u015faretlerinin, lisanslar\u0131n veya sertifikasyona yanl\u0131\u015f at\u0131f durumlar\u0131n\u0131n kullan\u0131m\u0131ndaki hatalar\u0131 \u00f6nlemek i\u00e7in kontrol \u00f6nlemleri almal\u0131d\u0131r.<\/p>\n<p>Bu \u00f6nlemler aras\u0131nda d\u00fczeltici \u00f6nlemler, sertifikan\u0131n ask\u0131ya al\u0131nmas\u0131 veya iptali hakk\u0131nda bilgiler yer almaktad\u0131r.[\/vc_column_text][\/toggle][\/toggles][\/vc_column][vc_column column_padding=&#8221;padding-2-percent&#8221; column_padding_position=&#8221;all&#8221; background_color_opacity=&#8221;1&#8243; background_hover_color_opacity=&#8221;1&#8243; column_link_target=&#8221;_self&#8221; column_shadow=&#8221;none&#8221; column_border_radius=&#8221;none&#8221; width=&#8221;1\/2&#8243; tablet_width_inherit=&#8221;default&#8221; tablet_text_alignment=&#8221;default&#8221; phone_text_alignment=&#8221;default&#8221; column_border_width=&#8221;none&#8221; column_border_style=&#8221;solid&#8221; bg_image_animation=&#8221;none&#8221;][vc_column_text]\n<h3><strong><u>Mevzuat<\/u><\/strong><\/h3>\n[\/vc_column_text][toggles style=&#8221;default&#8221;][toggle color=&#8221;Default&#8221; title=&#8221;&#8220;Belgelendirme hakk\u0131nda&#8220;Azerbaycan Cumhuriyeti Kanunu &#8220;][vc_column_text]<a href=\"http:\/\/www.e-qanun.az\/framework\/3992\" target=\"_blank\" rel=\"noopener noreferrer\">http:\/\/www.e-qanun.az<\/a>[\/vc_column_text][\/toggle][toggle color=&#8221;Default&#8221; title=&#8221;&#8220;T\u00fcketici haklar\u0131n\u0131n korunmas\u0131 hakk\u0131nda&#8220; Azerbaycan Cumhuriyeti Kanunu&#8221;][vc_column_text]<a href=\"http:\/\/www.e-qanun.az\/framework\/9479\" target=\"_blank\" rel=\"noopener noreferrer\">http:\/\/www.e-qanun.az<\/a>[\/vc_column_text][\/toggle][\/toggles][vc_column_text css=&#8221;.vc_custom_1585956176727{margin-top: 79px !important;}&#8221;]\n<h3><strong><u>Kararlar<\/u><\/strong><\/h3>\n[\/vc_column_text][toggles style=&#8221;default&#8221;][toggle color=&#8221;Default&#8221; title=&#8221;Azerbaycan Cumhuriyeti Bakanlar Kurulu&#8217;nun 343 say\u0131l\u0131 Karar\u0131&#8221;][vc_column_text]<a href=\"http:\/\/www.e-qanun.az\/framework\/13985\" target=\"_blank\" rel=\"noopener noreferrer\">http:\/\/www.e-qanun.az<\/a>[\/vc_column_text][\/toggle][toggle color=&#8221;Default&#8221; title=&#8221;Azerbaycan Cumhuriyeti Bakanlar Kurulu&#8217;nun 175 Say\u0131l\u0131 Karar\u0131&#8221;][vc_column_text]<a href=\"http:\/\/www.e-qanun.az\/framework\/3410\" target=\"_blank\" rel=\"noopener noreferrer\">http:\/\/www.e-qanun.az<\/a>[\/vc_column_text][\/toggle][\/toggles][\/vc_column][\/vc_row]\n","protected":false},"excerpt":{"rendered":"<p>[vc_row type=&#8221;full_width_background&#8221; full_screen_row_position=&#8221;middle&#8221; scene_position=&#8221;center&#8221; text_color=&#8221;dark&#8221; text_align=&#8221;left&#8221; top_padding=&#8221;4%&#8221; bottom_padding=&#8221;4%&#8221; overlay_strength=&#8221;0.3&#8243; shape_divider_position=&#8221;bottom&#8221; bg_image_animation=&#8221;none&#8221; shape_type=&#8221;&#8221;][vc_column column_padding=&#8221;padding-2-percent&#8221; column_padding_position=&#8221;all&#8221; background_color_opacity=&#8221;1&#8243; background_hover_color_opacity=&#8221;1&#8243; column_link_target=&#8221;_self&#8221; column_shadow=&#8221;none&#8221; column_border_radius=&#8221;none&#8221; width=&#8221;1\/2&#8243; tablet_width_inherit=&#8221;default&#8221; tablet_text_alignment=&#8221;default&#8221; phone_text_alignment=&#8221;default&#8221; column_border_width=&#8221;none&#8221; column_border_style=&#8221;solid&#8221; bg_image_animation=&#8221;none&#8221;][vc_column_text] Belgelendirme [\/vc_column_text][toggles style=&#8221;default&#8221;][toggle color=&#8221;Default&#8221;&#8230;<\/p>\n","protected":false},"author":1,"featured_media":0,"parent":0,"menu_order":0,"comment_status":"closed","ping_status":"closed","template":"","meta":{"footnotes":""},"class_list":["post-6676","page","type-page","status-publish"],"translation":{"provider":"WPGlobus","version":"3.0.0","language":"tr","enabled_languages":["az","en","ru","tr"],"languages":{"az":{"title":true,"content":true,"excerpt":false},"en":{"title":true,"content":true,"excerpt":false},"ru":{"title":true,"content":true,"excerpt":false},"tr":{"title":true,"content":true,"excerpt":false}}},"yoast_head":"<!-- This site is optimized with the Yoast SEO plugin v25.1 - https:\/\/yoast.com\/wordpress\/plugins\/seo\/ -->\n<title>Yararl\u0131 - INTERSERT<\/title>\n<meta name=\"robots\" content=\"index, follow, max-snippet:-1, max-image-preview:large, max-video-preview:-1\" \/>\n<link rel=\"canonical\" href=\"https:\/\/intersert.org\/usefull\/\" \/>\n<meta property=\"og:locale\" content=\"tr_TR\" \/>\n<meta property=\"og:type\" content=\"article\" \/>\n<meta property=\"og:title\" content=\"Yararl\u0131 - INTERSERT\" \/>\n<meta property=\"og:url\" content=\"https:\/\/intersert.org\/usefull\/\" \/>\n<meta property=\"og:site_name\" content=\"INTERSERT\" \/>\n<meta property=\"article:publisher\" content=\"https:\/\/www.facebook.com\/intersertglobal\/\" \/>\n<meta property=\"article:modified_time\" content=\"2021-09-14T12:49:05+00:00\" \/>\n<meta name=\"twitter:card\" content=\"summary_large_image\" \/>\n<meta name=\"twitter:site\" content=\"@intersertglobal\" \/>\n<meta name=\"twitter:label1\" content=\"Tahmini okuma s\u00fcresi\" \/>\n\t<meta name=\"twitter:data1\" content=\"19 dakika\" \/>\n<script type=\"application\/ld+json\" class=\"yoast-schema-graph\">{\"@context\":\"https:\/\/schema.org\",\"@graph\":[{\"@type\":\"WebPage\",\"@id\":\"https:\/\/intersert.org\/usefull\/\",\"url\":\"https:\/\/intersert.org\/usefull\/\",\"name\":\"Yararl\u0131 - INTERSERT\",\"isPartOf\":{\"@id\":\"https:\/\/intersert.org\/#website\"},\"datePublished\":\"2020-01-06T12:05:26+00:00\",\"dateModified\":\"2021-09-14T12:49:05+00:00\",\"breadcrumb\":{\"@id\":\"https:\/\/intersert.org\/usefull\/#breadcrumb\"},\"inLanguage\":\"tr\",\"potentialAction\":[{\"@type\":\"ReadAction\",\"target\":[\"https:\/\/intersert.org\/usefull\/\"]}]},{\"@type\":\"BreadcrumbList\",\"@id\":\"https:\/\/intersert.org\/usefull\/#breadcrumb\",\"itemListElement\":[{\"@type\":\"ListItem\",\"position\":1,\"name\":\"\u0413\u043b\u0430\u0432\u043d\u0430\u044f \u0441\u0442\u0440\u0430\u043d\u0438\u0446\u0430\",\"item\":\"https:\/\/intersert.org\/\"},{\"@type\":\"ListItem\",\"position\":2,\"name\":\"Faydal\u0131\"}]},{\"@type\":\"WebSite\",\"@id\":\"https:\/\/intersert.org\/#website\",\"url\":\"https:\/\/intersert.org\/\",\"name\":\"INTERSERT\",\"description\":\"Quality for Trust\",\"publisher\":{\"@id\":\"https:\/\/intersert.org\/#organization\"},\"potentialAction\":[{\"@type\":\"SearchAction\",\"target\":{\"@type\":\"EntryPoint\",\"urlTemplate\":\"https:\/\/intersert.org\/?s={search_term_string}\"},\"query-input\":{\"@type\":\"PropertyValueSpecification\",\"valueRequired\":true,\"valueName\":\"search_term_string\"}}],\"inLanguage\":\"tr\"},{\"@type\":\"Organization\",\"@id\":\"https:\/\/intersert.org\/#organization\",\"name\":\"INTERSERT Intersert Conformity Assessment Services Inc.\",\"url\":\"https:\/\/intersert.org\/\",\"logo\":{\"@type\":\"ImageObject\",\"inLanguage\":\"tr\",\"@id\":\"https:\/\/intersert.org\/#\/schema\/logo\/image\/\",\"url\":\"https:\/\/intersert.org\/wp-content\/uploads\/2020\/01\/logoe.svg\",\"contentUrl\":\"https:\/\/intersert.org\/wp-content\/uploads\/2020\/01\/logoe.svg\",\"width\":229,\"height\":132,\"caption\":\"INTERSERT Intersert Conformity Assessment Services Inc.\"},\"image\":{\"@id\":\"https:\/\/intersert.org\/#\/schema\/logo\/image\/\"},\"sameAs\":[\"https:\/\/www.facebook.com\/intersertglobal\/\",\"https:\/\/x.com\/intersertglobal\",\"https:\/\/www.instagram.com\/intersertglobal\/\",\"https:\/\/www.linkedin.com\/company\/intersertglobal\"]}]}<\/script>\n<!-- \/ Yoast SEO plugin. -->","yoast_head_json":{"title":"Yararl\u0131 - INTERSERT","robots":{"index":"index","follow":"follow","max-snippet":"max-snippet:-1","max-image-preview":"max-image-preview:large","max-video-preview":"max-video-preview:-1"},"canonical":"https:\/\/intersert.org\/usefull\/","og_locale":"tr_TR","og_type":"article","og_title":"Yararl\u0131 - INTERSERT","og_url":"https:\/\/intersert.org\/usefull\/","og_site_name":"INTERSERT","article_publisher":"https:\/\/www.facebook.com\/intersertglobal\/","article_modified_time":"2021-09-14T12:49:05+00:00","twitter_card":"summary_large_image","twitter_site":"@intersertglobal","twitter_misc":{"Tahmini okuma s\u00fcresi":"19 dakika"},"schema":{"@context":"https:\/\/schema.org","@graph":[{"@type":"WebPage","@id":"https:\/\/intersert.org\/usefull\/","url":"https:\/\/intersert.org\/usefull\/","name":"Yararl\u0131 - INTERSERT","isPartOf":{"@id":"https:\/\/intersert.org\/#website"},"datePublished":"2020-01-06T12:05:26+00:00","dateModified":"2021-09-14T12:49:05+00:00","breadcrumb":{"@id":"https:\/\/intersert.org\/usefull\/#breadcrumb"},"inLanguage":"tr","potentialAction":[{"@type":"ReadAction","target":["https:\/\/intersert.org\/usefull\/"]}]},{"@type":"BreadcrumbList","@id":"https:\/\/intersert.org\/usefull\/#breadcrumb","itemListElement":[{"@type":"ListItem","position":1,"name":"\u0413\u043b\u0430\u0432\u043d\u0430\u044f \u0441\u0442\u0440\u0430\u043d\u0438\u0446\u0430","item":"https:\/\/intersert.org\/"},{"@type":"ListItem","position":2,"name":"Faydal\u0131"}]},{"@type":"WebSite","@id":"https:\/\/intersert.org\/#website","url":"https:\/\/intersert.org\/","name":"INTERSERT","description":"Quality for Trust","publisher":{"@id":"https:\/\/intersert.org\/#organization"},"potentialAction":[{"@type":"SearchAction","target":{"@type":"EntryPoint","urlTemplate":"https:\/\/intersert.org\/?s={search_term_string}"},"query-input":{"@type":"PropertyValueSpecification","valueRequired":true,"valueName":"search_term_string"}}],"inLanguage":"tr"},{"@type":"Organization","@id":"https:\/\/intersert.org\/#organization","name":"INTERSERT Intersert Conformity Assessment Services Inc.","url":"https:\/\/intersert.org\/","logo":{"@type":"ImageObject","inLanguage":"tr","@id":"https:\/\/intersert.org\/#\/schema\/logo\/image\/","url":"https:\/\/intersert.org\/wp-content\/uploads\/2020\/01\/logoe.svg","contentUrl":"https:\/\/intersert.org\/wp-content\/uploads\/2020\/01\/logoe.svg","width":229,"height":132,"caption":"INTERSERT Intersert Conformity Assessment Services Inc."},"image":{"@id":"https:\/\/intersert.org\/#\/schema\/logo\/image\/"},"sameAs":["https:\/\/www.facebook.com\/intersertglobal\/","https:\/\/x.com\/intersertglobal","https:\/\/www.instagram.com\/intersertglobal\/","https:\/\/www.linkedin.com\/company\/intersertglobal"]}]}},"_links":{"self":[{"href":"https:\/\/intersert.org\/tr\/wp-json\/wp\/v2\/pages\/6676","targetHints":{"allow":["GET"]}}],"collection":[{"href":"https:\/\/intersert.org\/tr\/wp-json\/wp\/v2\/pages"}],"about":[{"href":"https:\/\/intersert.org\/tr\/wp-json\/wp\/v2\/types\/page"}],"author":[{"embeddable":true,"href":"https:\/\/intersert.org\/tr\/wp-json\/wp\/v2\/users\/1"}],"replies":[{"embeddable":true,"href":"https:\/\/intersert.org\/tr\/wp-json\/wp\/v2\/comments?post=6676"}],"version-history":[{"count":0,"href":"https:\/\/intersert.org\/tr\/wp-json\/wp\/v2\/pages\/6676\/revisions"}],"wp:attachment":[{"href":"https:\/\/intersert.org\/tr\/wp-json\/wp\/v2\/media?parent=6676"}],"curies":[{"name":"wp","href":"https:\/\/api.w.org\/{rel}","templated":true}]}}