{"id":7061,"date":"2020-01-23T15:38:39","date_gmt":"2020-01-23T15:38:39","guid":{"rendered":"https:\/\/intersert.org\/?page_id=7061"},"modified":"2020-04-22T08:12:34","modified_gmt":"2020-04-22T08:12:34","slug":"certification-service","status":"publish","type":"page","link":"https:\/\/intersert.org\/tr\/certification-service\/","title":{"rendered":"\u00dcr\u00fcnlerin, y\u00f6netim sistemleri ve personel belgelendirilmesi"},"content":{"rendered":"[vc_row type=&#8221;in_container&#8221; full_screen_row_position=&#8221;middle&#8221; scene_position=&#8221;center&#8221; text_color=&#8221;dark&#8221; text_align=&#8221;left&#8221; overlay_strength=&#8221;0.3&#8243; shape_divider_position=&#8221;bottom&#8221; bg_image_animation=&#8221;none&#8221;][vc_column column_padding=&#8221;no-extra-padding&#8221; column_padding_position=&#8221;all&#8221; background_color_opacity=&#8221;1&#8243; background_hover_color_opacity=&#8221;1&#8243; column_link_target=&#8221;_self&#8221; column_shadow=&#8221;none&#8221; column_border_radius=&#8221;none&#8221; width=&#8221;2\/3&#8243; tablet_width_inherit=&#8221;default&#8221; tablet_text_alignment=&#8221;default&#8221; phone_text_alignment=&#8221;default&#8221; column_border_width=&#8221;none&#8221; column_border_style=&#8221;solid&#8221; bg_image_animation=&#8221;none&#8221;][image_with_animation image_url=&#8221;6911&#8243; alignment=&#8221;&#8221; animation=&#8221;Fade In&#8221; border_radius=&#8221;none&#8221; box_shadow=&#8221;none&#8221; max_width=&#8221;100%&#8221;][vc_column_text]\n<h5>\u00dcr\u00fcn ve hizmetlerin belgelendirilmesi<\/h5>\n<p>\u00dcr\u00fcn ve hizmetlerin sertifikaland\u0131r\u0131lmas\u0131, bu hizmet ve \u00fcr\u00fcnlerin, \u00e7e\u015fitli test ve analiz y\u00f6ntemleri kullan\u0131larak ilgili standartlara, kodlara ve teknik spesifikasyonlara uygunlu\u011funu onaylama s\u00fcrecidir. \u00dclkede faaliyet g\u00f6steren ticari kurulu\u015flar taraf\u0131ndan \u00fcretilen ve ithal edilen g\u0131da ve g\u0131da d\u0131\u015f\u0131 \u00fcr\u00fcnler, alkoll\u00fc ve alkols\u00fcz i\u00e7ecekler, in\u015faat malzemeleri, ileti\u015fim, otomobiller ve yedek par\u00e7alar\u0131, hafif sanayi \u00fcr\u00fcnleri, petrol ve petrokimya \u00fcr\u00fcnlerinin belgelendirmesini yapar. Intersert, \u00fcretim ve \u00fcr\u00fcnlerin uygunlu\u011funun uluslararas\u0131 standartlara uygun olarak mevzuata ve belgelendirmeye uygunlu\u011funun de\u011ferlendirilmesi i\u00e7in profesyonel hizmetler sunmaktad\u0131r.<\/p>\n<h5>Y\u00f6netim sistemlerinin belgelendirilmesi<\/h5>\n<p>Uluslararas\u0131 y\u00f6netim standartlar\u0131n\u0131n uygulanmas\u0131, i\u015fletmenin etkin organizasyonu, i\u015fletmenin b\u00fcy\u00fckl\u00fc\u011f\u00fc, \u00e7al\u0131\u015fan say\u0131s\u0131 ve faaliyet g\u00f6sterdi\u011fi alan ne olursa olsun verimlili\u011fi, kaliteli hizmeti ve m\u00fc\u015fteri memnuniyetini art\u0131rmak a\u00e7\u0131s\u0131ndan b\u00fcy\u00fck \u00f6nem ta\u015f\u0131maktad\u0131r. \u0130nsanlar i\u00e7in g\u00fcvenli \u00e7al\u0131\u015fma ko\u015fullar\u0131 yaratmak, \u00e7evreyi ve g\u0131da g\u00fcvenli\u011fini korumak en \u00f6nemli \u00f6ncelikler aras\u0131ndad\u0131r. \u00dcretilen ve ithal edilen \u00fcr\u00fcnlerin standartlar\u0131n ve d\u00fczenleyici belgelerin gerekliliklerine uygunlu\u011fu, uluslararas\u0131 standartlar ve y\u00f6netim sistemlerinin belgelendirme kurulu\u015flar\u0131 temelinde akredite edilmi\u015f laboratuvarlar taraf\u0131ndan belirlenir.<\/p>\n<h5>Personel belgelendirilmesi<\/h5>\n<p>Modern zamanlarda, t\u00fcketicilere rekabet\u00e7i \u00fcr\u00fcnler ve kaliteli hizmet sa\u011flanmas\u0131, i\u015fletmenin karl\u0131l\u0131\u011f\u0131 do\u011frudan personelinin yetkinli\u011fi ile ko\u015fulland\u0131r\u0131l\u0131r. Bu fakt\u00f6r\u00fc g\u00f6z \u00f6n\u00fcnde bulundurarak, personelin sertifikasyonu, d\u00fcnya \u00e7ap\u0131nda yayg\u0131n olarak kullan\u0131lan uluslararas\u0131 ISO 17024:2017 standard\u0131na g\u00f6re ger\u00e7ekle\u015ftirilir. S\u00fcrecin sonunda, sertifikasyon \u015femalar\u0131 temelinde, s\u0131nav personelin mesleki faaliyetlerindeki bilgi ve becerilerini, g\u00f6sterme ve geli\u015ftirme yeteneklerini ortaya koymaktad\u0131r.[\/vc_column_text][\/vc_column][vc_column column_padding=&#8221;no-extra-padding&#8221; column_padding_position=&#8221;all&#8221; background_color_opacity=&#8221;1&#8243; background_hover_color_opacity=&#8221;1&#8243; column_link_target=&#8221;_self&#8221; column_shadow=&#8221;none&#8221; column_border_radius=&#8221;none&#8221; width=&#8221;1\/3&#8243; tablet_width_inherit=&#8221;default&#8221; tablet_text_alignment=&#8221;default&#8221; phone_text_alignment=&#8221;default&#8221; column_border_width=&#8221;none&#8221; column_border_style=&#8221;solid&#8221; bg_image_animation=&#8221;none&#8221;][vc_widget_sidebar sidebar_id=&#8221;page-sidebar&#8221;][\/vc_column][\/vc_row]\n","protected":false},"excerpt":{"rendered":"<p>[vc_row type=&#8221;in_container&#8221; full_screen_row_position=&#8221;middle&#8221; scene_position=&#8221;center&#8221; text_color=&#8221;dark&#8221; text_align=&#8221;left&#8221; overlay_strength=&#8221;0.3&#8243; shape_divider_position=&#8221;bottom&#8221; bg_image_animation=&#8221;none&#8221;][vc_column column_padding=&#8221;no-extra-padding&#8221; column_padding_position=&#8221;all&#8221; background_color_opacity=&#8221;1&#8243; background_hover_color_opacity=&#8221;1&#8243; column_link_target=&#8221;_self&#8221; column_shadow=&#8221;none&#8221; column_border_radius=&#8221;none&#8221; width=&#8221;2\/3&#8243; tablet_width_inherit=&#8221;default&#8221; tablet_text_alignment=&#8221;default&#8221; phone_text_alignment=&#8221;default&#8221; column_border_width=&#8221;none&#8221; column_border_style=&#8221;solid&#8221; bg_image_animation=&#8221;none&#8221;][image_with_animation image_url=&#8221;6911&#8243; alignment=&#8221;&#8221; animation=&#8221;Fade In&#8221; border_radius=&#8221;none&#8221; box_shadow=&#8221;none&#8221; max_width=&#8221;100%&#8221;][vc_column_text]&#8230;<\/p>\n","protected":false},"author":1,"featured_media":0,"parent":0,"menu_order":0,"comment_status":"closed","ping_status":"closed","template":"","meta":{"footnotes":""},"class_list":["post-7061","page","type-page","status-publish"],"translation":{"provider":"WPGlobus","version":"3.0.0","language":"tr","enabled_languages":["az","en","ru","tr"],"languages":{"az":{"title":true,"content":true,"excerpt":false},"en":{"title":true,"content":true,"excerpt":false},"ru":{"title":true,"content":true,"excerpt":false},"tr":{"title":true,"content":true,"excerpt":false}}},"yoast_head":"<!-- This site is optimized with the Yoast SEO plugin v25.1 - https:\/\/yoast.com\/wordpress\/plugins\/seo\/ -->\n<title>\u00dcr\u00fcnlerin, y\u00f6netim sistemleri ve personel belgelendirilmesi - INTERSERT<\/title>\n<meta name=\"robots\" content=\"index, follow, max-snippet:-1, max-image-preview:large, max-video-preview:-1\" \/>\n<link rel=\"canonical\" href=\"https:\/\/intersert.org\/certification-service\/\" \/>\n<meta property=\"og:locale\" content=\"tr_TR\" \/>\n<meta property=\"og:type\" content=\"article\" \/>\n<meta property=\"og:title\" content=\"\u00dcr\u00fcnlerin, y\u00f6netim sistemleri ve personel belgelendirilmesi - INTERSERT\" \/>\n<meta property=\"og:url\" content=\"https:\/\/intersert.org\/certification-service\/\" \/>\n<meta property=\"og:site_name\" content=\"INTERSERT\" \/>\n<meta property=\"article:publisher\" content=\"https:\/\/www.facebook.com\/intersertglobal\/\" \/>\n<meta property=\"article:modified_time\" content=\"2020-04-22T08:12:34+00:00\" \/>\n<meta name=\"twitter:card\" content=\"summary_large_image\" \/>\n<meta name=\"twitter:site\" content=\"@intersertglobal\" \/>\n<meta name=\"twitter:label1\" content=\"Tahmini okuma s\u00fcresi\" \/>\n\t<meta name=\"twitter:data1\" content=\"9 dakika\" \/>\n<script type=\"application\/ld+json\" class=\"yoast-schema-graph\">{\"@context\":\"https:\/\/schema.org\",\"@graph\":[{\"@type\":\"WebPage\",\"@id\":\"https:\/\/intersert.org\/certification-service\/\",\"url\":\"https:\/\/intersert.org\/certification-service\/\",\"name\":\"\u00dcr\u00fcnlerin, y\u00f6netim sistemleri ve personel belgelendirilmesi - INTERSERT\",\"isPartOf\":{\"@id\":\"https:\/\/intersert.org\/#website\"},\"datePublished\":\"2020-01-23T15:38:39+00:00\",\"dateModified\":\"2020-04-22T08:12:34+00:00\",\"breadcrumb\":{\"@id\":\"https:\/\/intersert.org\/certification-service\/#breadcrumb\"},\"inLanguage\":\"tr\",\"potentialAction\":[{\"@type\":\"ReadAction\",\"target\":[\"https:\/\/intersert.org\/certification-service\/\"]}]},{\"@type\":\"BreadcrumbList\",\"@id\":\"https:\/\/intersert.org\/certification-service\/#breadcrumb\",\"itemListElement\":[{\"@type\":\"ListItem\",\"position\":1,\"name\":\"\u0413\u043b\u0430\u0432\u043d\u0430\u044f \u0441\u0442\u0440\u0430\u043d\u0438\u0446\u0430\",\"item\":\"https:\/\/intersert.org\/\"},{\"@type\":\"ListItem\",\"position\":2,\"name\":\"M\u0259hsullar\u0131n, idar\u0259etm\u0259 sisteml\u0259rinin, xidm\u0259tl\u0259rin v\u0259 personal\u0131n sertifikatla\u015fd\u0131r\u0131lmas\u0131\"}]},{\"@type\":\"WebSite\",\"@id\":\"https:\/\/intersert.org\/#website\",\"url\":\"https:\/\/intersert.org\/\",\"name\":\"INTERSERT\",\"description\":\"Quality for Trust\",\"publisher\":{\"@id\":\"https:\/\/intersert.org\/#organization\"},\"potentialAction\":[{\"@type\":\"SearchAction\",\"target\":{\"@type\":\"EntryPoint\",\"urlTemplate\":\"https:\/\/intersert.org\/?s={search_term_string}\"},\"query-input\":{\"@type\":\"PropertyValueSpecification\",\"valueRequired\":true,\"valueName\":\"search_term_string\"}}],\"inLanguage\":\"tr\"},{\"@type\":\"Organization\",\"@id\":\"https:\/\/intersert.org\/#organization\",\"name\":\"INTERSERT Intersert Conformity Assessment Services Inc.\",\"url\":\"https:\/\/intersert.org\/\",\"logo\":{\"@type\":\"ImageObject\",\"inLanguage\":\"tr\",\"@id\":\"https:\/\/intersert.org\/#\/schema\/logo\/image\/\",\"url\":\"https:\/\/intersert.org\/wp-content\/uploads\/2020\/01\/logoe.svg\",\"contentUrl\":\"https:\/\/intersert.org\/wp-content\/uploads\/2020\/01\/logoe.svg\",\"width\":229,\"height\":132,\"caption\":\"INTERSERT Intersert Conformity Assessment Services Inc.\"},\"image\":{\"@id\":\"https:\/\/intersert.org\/#\/schema\/logo\/image\/\"},\"sameAs\":[\"https:\/\/www.facebook.com\/intersertglobal\/\",\"https:\/\/x.com\/intersertglobal\",\"https:\/\/www.instagram.com\/intersertglobal\/\",\"https:\/\/www.linkedin.com\/company\/intersertglobal\"]}]}<\/script>\n<!-- \/ Yoast SEO plugin. -->","yoast_head_json":{"title":"\u00dcr\u00fcnlerin, y\u00f6netim sistemleri ve personel belgelendirilmesi - INTERSERT","robots":{"index":"index","follow":"follow","max-snippet":"max-snippet:-1","max-image-preview":"max-image-preview:large","max-video-preview":"max-video-preview:-1"},"canonical":"https:\/\/intersert.org\/certification-service\/","og_locale":"tr_TR","og_type":"article","og_title":"\u00dcr\u00fcnlerin, y\u00f6netim sistemleri ve personel belgelendirilmesi - INTERSERT","og_url":"https:\/\/intersert.org\/certification-service\/","og_site_name":"INTERSERT","article_publisher":"https:\/\/www.facebook.com\/intersertglobal\/","article_modified_time":"2020-04-22T08:12:34+00:00","twitter_card":"summary_large_image","twitter_site":"@intersertglobal","twitter_misc":{"Tahmini okuma s\u00fcresi":"9 dakika"},"schema":{"@context":"https:\/\/schema.org","@graph":[{"@type":"WebPage","@id":"https:\/\/intersert.org\/certification-service\/","url":"https:\/\/intersert.org\/certification-service\/","name":"\u00dcr\u00fcnlerin, y\u00f6netim sistemleri ve personel belgelendirilmesi - INTERSERT","isPartOf":{"@id":"https:\/\/intersert.org\/#website"},"datePublished":"2020-01-23T15:38:39+00:00","dateModified":"2020-04-22T08:12:34+00:00","breadcrumb":{"@id":"https:\/\/intersert.org\/certification-service\/#breadcrumb"},"inLanguage":"tr","potentialAction":[{"@type":"ReadAction","target":["https:\/\/intersert.org\/certification-service\/"]}]},{"@type":"BreadcrumbList","@id":"https:\/\/intersert.org\/certification-service\/#breadcrumb","itemListElement":[{"@type":"ListItem","position":1,"name":"\u0413\u043b\u0430\u0432\u043d\u0430\u044f \u0441\u0442\u0440\u0430\u043d\u0438\u0446\u0430","item":"https:\/\/intersert.org\/"},{"@type":"ListItem","position":2,"name":"M\u0259hsullar\u0131n, idar\u0259etm\u0259 sisteml\u0259rinin, xidm\u0259tl\u0259rin v\u0259 personal\u0131n sertifikatla\u015fd\u0131r\u0131lmas\u0131"}]},{"@type":"WebSite","@id":"https:\/\/intersert.org\/#website","url":"https:\/\/intersert.org\/","name":"INTERSERT","description":"Quality for Trust","publisher":{"@id":"https:\/\/intersert.org\/#organization"},"potentialAction":[{"@type":"SearchAction","target":{"@type":"EntryPoint","urlTemplate":"https:\/\/intersert.org\/?s={search_term_string}"},"query-input":{"@type":"PropertyValueSpecification","valueRequired":true,"valueName":"search_term_string"}}],"inLanguage":"tr"},{"@type":"Organization","@id":"https:\/\/intersert.org\/#organization","name":"INTERSERT Intersert Conformity Assessment Services Inc.","url":"https:\/\/intersert.org\/","logo":{"@type":"ImageObject","inLanguage":"tr","@id":"https:\/\/intersert.org\/#\/schema\/logo\/image\/","url":"https:\/\/intersert.org\/wp-content\/uploads\/2020\/01\/logoe.svg","contentUrl":"https:\/\/intersert.org\/wp-content\/uploads\/2020\/01\/logoe.svg","width":229,"height":132,"caption":"INTERSERT Intersert Conformity Assessment Services Inc."},"image":{"@id":"https:\/\/intersert.org\/#\/schema\/logo\/image\/"},"sameAs":["https:\/\/www.facebook.com\/intersertglobal\/","https:\/\/x.com\/intersertglobal","https:\/\/www.instagram.com\/intersertglobal\/","https:\/\/www.linkedin.com\/company\/intersertglobal"]}]}},"_links":{"self":[{"href":"https:\/\/intersert.org\/tr\/wp-json\/wp\/v2\/pages\/7061","targetHints":{"allow":["GET"]}}],"collection":[{"href":"https:\/\/intersert.org\/tr\/wp-json\/wp\/v2\/pages"}],"about":[{"href":"https:\/\/intersert.org\/tr\/wp-json\/wp\/v2\/types\/page"}],"author":[{"embeddable":true,"href":"https:\/\/intersert.org\/tr\/wp-json\/wp\/v2\/users\/1"}],"replies":[{"embeddable":true,"href":"https:\/\/intersert.org\/tr\/wp-json\/wp\/v2\/comments?post=7061"}],"version-history":[{"count":0,"href":"https:\/\/intersert.org\/tr\/wp-json\/wp\/v2\/pages\/7061\/revisions"}],"wp:attachment":[{"href":"https:\/\/intersert.org\/tr\/wp-json\/wp\/v2\/media?parent=7061"}],"curies":[{"name":"wp","href":"https:\/\/api.w.org\/{rel}","templated":true}]}}