{"id":7082,"date":"2020-01-28T17:25:22","date_gmt":"2020-01-28T17:25:22","guid":{"rendered":"https:\/\/intersert.org\/?page_id=7082"},"modified":"2020-01-30T14:36:21","modified_gmt":"2020-01-30T14:36:21","slug":"service-application","status":"publish","type":"page","link":"https:\/\/intersert.org\/tr\/service-application\/","title":{"rendered":"Service Application"},"content":{"rendered":"[vc_row type=&#8221;in_container&#8221; full_screen_row_position=&#8221;middle&#8221; scene_position=&#8221;center&#8221; text_color=&#8221;dark&#8221; text_align=&#8221;left&#8221; overlay_strength=&#8221;0.3&#8243; shape_divider_position=&#8221;bottom&#8221; bg_image_animation=&#8221;none&#8221;][vc_column column_padding=&#8221;no-extra-padding&#8221; column_padding_position=&#8221;all&#8221; background_color_opacity=&#8221;1&#8243; background_hover_color_opacity=&#8221;1&#8243; column_link_target=&#8221;_self&#8221; column_shadow=&#8221;none&#8221; column_border_radius=&#8221;none&#8221; width=&#8221;1\/1&#8243; tablet_width_inherit=&#8221;default&#8221; tablet_text_alignment=&#8221;default&#8221; phone_text_alignment=&#8221;default&#8221; column_border_width=&#8221;none&#8221; column_border_style=&#8221;solid&#8221; bg_image_animation=&#8221;none&#8221;][vc_column_text]\n<div class=\"wpcf7 no-js\" id=\"wpcf7-f7081-o1\" lang=\"ru-RU\" dir=\"ltr\" data-wpcf7-id=\"7081\">\n<div class=\"screen-reader-response\"><p role=\"status\" aria-live=\"polite\" aria-atomic=\"true\"><\/p> <ul><\/ul><\/div>\n<form action=\"\/tr\/wp-json\/wp\/v2\/pages\/7082#wpcf7-f7081-o1\" method=\"post\" class=\"wpcf7-form init\" aria-label=\"\u041a\u043e\u043d\u0442\u0430\u043a\u0442\u043d\u0430\u044f \u0444\u043e\u0440\u043c\u0430\" enctype=\"multipart\/form-data\" novalidate=\"novalidate\" data-status=\"init\">\n<div style=\"display: none;\">\n<input type=\"hidden\" name=\"_wpcf7\" value=\"7081\" \/>\n<input type=\"hidden\" name=\"_wpcf7_version\" value=\"6.0.6\" \/>\n<input type=\"hidden\" name=\"_wpcf7_locale\" value=\"ru_RU\" \/>\n<input type=\"hidden\" name=\"_wpcf7_unit_tag\" value=\"wpcf7-f7081-o1\" \/>\n<input type=\"hidden\" name=\"_wpcf7_container_post\" value=\"0\" \/>\n<input type=\"hidden\" name=\"_wpcf7_posted_data_hash\" value=\"\" \/>\n<input type=\"hidden\" name=\"_wpcf7cf_hidden_group_fields\" value=\"[]\" \/>\n<input type=\"hidden\" name=\"_wpcf7cf_hidden_groups\" value=\"[]\" \/>\n<input type=\"hidden\" name=\"_wpcf7cf_visible_groups\" value=\"[]\" \/>\n<input type=\"hidden\" name=\"_wpcf7cf_repeaters\" value=\"[]\" \/>\n<input type=\"hidden\" name=\"_wpcf7cf_steps\" value=\"{}\" \/>\n<input type=\"hidden\" name=\"_wpcf7cf_options\" value=\"{&quot;form_id&quot;:7081,&quot;conditions&quot;:[],&quot;settings&quot;:{&quot;animation&quot;:&quot;yes&quot;,&quot;animation_intime&quot;:200,&quot;animation_outtime&quot;:200,&quot;conditions_ui&quot;:&quot;normal&quot;,&quot;notice_dismissed&quot;:false}}\" \/>\n<\/div>\n<div class=\"clearfix\">\n\t<div id=\"left\">\n\t\t<p><span class=\"wpcf7-form-control-wrap\" data-name=\"combo\"><select class=\"wpcf7-form-control wpcf7-select\" aria-invalid=\"false\" name=\"combo\"><option value=\"H\u00fcquqi\">H\u00fcquqi<\/option><option value=\"Fiziki\">Fiziki<\/option><\/select><\/span><br \/>\n<span class=\"wpcf7-form-control-wrap\" data-name=\"your-adres\"><input size=\"40\" maxlength=\"400\" class=\"wpcf7-form-control wpcf7-text wpcf7-validates-as-required\" aria-required=\"true\" aria-invalid=\"false\" placeholder=\"\u00dcnvan\" value=\"\" type=\"text\" name=\"your-adres\" \/><\/span><br \/>\n<span class=\"wpcf7-form-control-wrap\" data-name=\"your-tel\"><input size=\"40\" maxlength=\"400\" class=\"wpcf7-form-control wpcf7-tel wpcf7-validates-as-required wpcf7-text wpcf7-validates-as-tel\" aria-required=\"true\" aria-invalid=\"false\" placeholder=\"\u018flaq\u0259 n\u00f6mr\u0259si\" value=\"\" type=\"tel\" name=\"your-tel\" \/><\/span><br \/>\n<span class=\"wpcf7-form-control-wrap\" data-name=\"your-mesul\"><input size=\"40\" maxlength=\"400\" class=\"wpcf7-form-control wpcf7-text wpcf7-validates-as-required\" aria-required=\"true\" aria-invalid=\"false\" placeholder=\"Xidm\u0259tin (l\u0259rin) ad\u0131\" value=\"\" type=\"text\" name=\"your-mesul\" \/><\/span><br \/>\n<span class=\"wpcf7-form-control-wrap\" data-name=\"your-manufactor2\"><input size=\"40\" maxlength=\"400\" class=\"wpcf7-form-control wpcf7-text wpcf7-validates-as-required\" aria-required=\"true\" aria-invalid=\"false\" placeholder=\"M\u0259hsul(lara) v\u0259 xidm\u0259t(l\u0259r\u0259) dair normativ s\u0259n\u0259din ad\u0131, i\u015far\u0259si\" value=\"\" type=\"text\" name=\"your-manufactor2\" \/><\/span>\n\t\t<\/p>\n\t<\/div>\n\t<div id=\"right\">\n\t\t<p><span class=\"wpcf7-form-control-wrap\" data-name=\"your-companyname\"><input size=\"40\" maxlength=\"400\" class=\"wpcf7-form-control wpcf7-text wpcf7-validates-as-required\" aria-required=\"true\" aria-invalid=\"false\" placeholder=\"H\u00fcquqi v\u0259 ya fiziki \u015f\u0259xsin ad\u0131\" value=\"\" type=\"text\" name=\"your-companyname\" \/><\/span><br \/>\n<span class=\"wpcf7-form-control-wrap\" data-name=\"your-inn\"><input size=\"40\" maxlength=\"400\" class=\"wpcf7-form-control wpcf7-tel wpcf7-validates-as-required wpcf7-text wpcf7-validates-as-tel\" aria-required=\"true\" aria-invalid=\"false\" placeholder=\"V\u00d6EN\" value=\"\" type=\"tel\" name=\"your-inn\" \/><\/span><br \/>\n<span class=\"wpcf7-form-control-wrap\" data-name=\"your-email\"><input size=\"40\" maxlength=\"400\" class=\"wpcf7-form-control wpcf7-email wpcf7-validates-as-required wpcf7-text wpcf7-validates-as-email\" aria-required=\"true\" aria-invalid=\"false\" placeholder=\"E-mail\" value=\"\" type=\"email\" name=\"your-email\" \/><\/span><br \/>\n<span class=\"wpcf7-form-control-wrap\" data-name=\"your-manufactor\"><input size=\"40\" maxlength=\"400\" class=\"wpcf7-form-control wpcf7-text wpcf7-validates-as-required\" aria-required=\"true\" aria-invalid=\"false\" placeholder=\"F\u0259aliyy\u0259t g\u00f6st\u0259rdiyi \u00f6lk\u0259\" value=\"\" type=\"text\" name=\"your-manufactor\" \/><\/span><br \/>\n<span class=\"wpcf7-form-control-wrap\" data-name=\"your-sened\"><input size=\"40\" maxlength=\"400\" class=\"wpcf7-form-control wpcf7-text\" aria-invalid=\"false\" placeholder=\"Sertifikatla\u015fd\u0131r\u0131lmal\u0131 xidm\u0259t(l\u0259rin) say\u0131\" value=\"\" type=\"text\" name=\"your-sened\" \/><\/span>\n\t\t<\/p>\n\t<\/div>\n<\/div>\n<div class=\"row\">\n\t<div class=\"col-sm-12 verx\">\n\t\t<p><span class=\"wpcf7-form-control-wrap\" data-name=\"your-message\"><textarea cols=\"40\" rows=\"10\" maxlength=\"2000\" class=\"wpcf7-form-control wpcf7-textarea\" aria-invalid=\"false\" placeholder=\"\u018flav\u0259 m\u0259lumat\" name=\"your-message\"><\/textarea><\/span>\n\t\t<\/p>\n\t<\/div>\n<\/div>\n<p>Fayl \u0259lav\u0259 etm\u0259k (Yaln\u0131z pfd, doc, docx, jpeg, jpg, h\u0259r fayl\u0131n maksimum ol\u00e7\u00fcs\u00fc 15mb art\u0131q olmamal\u0131d\u0131r)\n<\/p>\n<p><span class=\"wpcf7-form-control-wrap\" data-name=\"your-file\"><input size=\"40\" class=\"wpcf7-form-control wpcf7-file\" accept=\".pdf,.doc,.docx,.jpg,.jpeg\" aria-invalid=\"false\" type=\"file\" name=\"your-file\" \/><\/span>\n<\/p>\n<div class=\"row\">\n\t<div class=\"col-sm-12 text-center\">\n\t\t<p><span class=\"wpcf7-form-control-wrap\" data-name=\"your-country\"><span class=\"wpcf7-form-control wpcf7-checkbox wpcf7-validates-as-required\"><span class=\"wpcf7-list-item first last\"><input type=\"checkbox\" name=\"your-country[]\" value=\"*Sifari\u015f\u00e7i AZS Milli Sertifikatla\u015fd\u0131rma sistemind\u0259 q\u00fcvv\u0259d\u0259 olan qayda v\u0259 \u015f\u0259rtl\u0259r\u0259 riay\u0259t ed\u0259c\u0259yin\u0259, sertifikatla\u015fd\u0131r\u0131lan m\u0259hsulun, xidm\u0259tin keyfiyy\u0259tinin stabilliyini t\u0259min ed\u0259c\u0259yin\u0259, sifari\u015f verilmi\u015f m\u0259hsulun sertifikatla\u015fd\u0131r\u0131lmas\u0131na dair x\u0259rcl\u0259ri \u00f6d\u0259c\u0259yin\u0259 z\u0259man\u0259t verir.\" \/><span class=\"wpcf7-list-item-label\">*Sifari\u015f\u00e7i AZS Milli Sertifikatla\u015fd\u0131rma sistemind\u0259 q\u00fcvv\u0259d\u0259 olan qayda v\u0259 \u015f\u0259rtl\u0259r\u0259 riay\u0259t ed\u0259c\u0259yin\u0259, sertifikatla\u015fd\u0131r\u0131lan m\u0259hsulun, xidm\u0259tin keyfiyy\u0259tinin stabilliyini t\u0259min ed\u0259c\u0259yin\u0259, sifari\u015f verilmi\u015f m\u0259hsulun sertifikatla\u015fd\u0131r\u0131lmas\u0131na dair x\u0259rcl\u0259ri \u00f6d\u0259c\u0259yin\u0259 z\u0259man\u0259t verir.<\/span><\/span><\/span><\/span>\n\t\t<\/p>\n\t<\/div>\n<\/div>\n<div class=\"text-center\">\n\t<p><input class=\"wpcf7-form-control wpcf7-submit has-spinner\" type=\"submit\" value=\"Sifari\u015fi g\u00f6nd\u0259r\" \/>\n\t<\/p>\n<\/div><div class=\"wpcf7-response-output\" aria-hidden=\"true\"><\/div>\n<\/form>\n<\/div>\n[\/vc_column_text][\/vc_column][\/vc_row]\n","protected":false},"excerpt":{"rendered":"<p>[vc_row type=&#8221;in_container&#8221; full_screen_row_position=&#8221;middle&#8221; scene_position=&#8221;center&#8221; text_color=&#8221;dark&#8221; text_align=&#8221;left&#8221; overlay_strength=&#8221;0.3&#8243; shape_divider_position=&#8221;bottom&#8221; bg_image_animation=&#8221;none&#8221;][vc_column column_padding=&#8221;no-extra-padding&#8221; column_padding_position=&#8221;all&#8221; background_color_opacity=&#8221;1&#8243; background_hover_color_opacity=&#8221;1&#8243; column_link_target=&#8221;_self&#8221; column_shadow=&#8221;none&#8221; column_border_radius=&#8221;none&#8221; width=&#8221;1\/1&#8243; tablet_width_inherit=&#8221;default&#8221; tablet_text_alignment=&#8221;default&#8221; phone_text_alignment=&#8221;default&#8221; column_border_width=&#8221;none&#8221; column_border_style=&#8221;solid&#8221; bg_image_animation=&#8221;none&#8221;][vc_column_text][\/vc_column_text][\/vc_column][\/vc_row]<\/p>\n","protected":false},"author":1,"featured_media":0,"parent":0,"menu_order":0,"comment_status":"closed","ping_status":"closed","template":"","meta":{"footnotes":""},"class_list":["post-7082","page","type-page","status-publish"],"translation":{"provider":"WPGlobus","version":"3.0.0","language":"tr","enabled_languages":["az","en","ru","tr"],"languages":{"az":{"title":true,"content":true,"excerpt":false},"en":{"title":false,"content":false,"excerpt":false},"ru":{"title":false,"content":false,"excerpt":false},"tr":{"title":false,"content":false,"excerpt":false}}},"yoast_head":"<!-- This site is optimized with the Yoast SEO plugin v25.1 - https:\/\/yoast.com\/wordpress\/plugins\/seo\/ -->\n<title>Service Application - INTERSERT<\/title>\n<meta name=\"robots\" content=\"index, follow, max-snippet:-1, max-image-preview:large, max-video-preview:-1\" \/>\n<link rel=\"canonical\" href=\"https:\/\/intersert.org\/en\/service-application\/\" \/>\n<meta property=\"og:locale\" content=\"tr_TR\" \/>\n<meta property=\"og:type\" content=\"article\" \/>\n<meta property=\"og:title\" content=\"Service Application - INTERSERT\" \/>\n<meta property=\"og:url\" content=\"https:\/\/intersert.org\/en\/service-application\/\" \/>\n<meta property=\"og:site_name\" content=\"INTERSERT\" \/>\n<meta property=\"article:publisher\" content=\"https:\/\/www.facebook.com\/intersertglobal\/\" \/>\n<meta property=\"article:modified_time\" content=\"2020-01-30T14:36:21+00:00\" \/>\n<meta name=\"twitter:card\" content=\"summary_large_image\" \/>\n<meta name=\"twitter:site\" content=\"@intersertglobal\" \/>\n<script type=\"application\/ld+json\" class=\"yoast-schema-graph\">{\"@context\":\"https:\/\/schema.org\",\"@graph\":[{\"@type\":\"WebPage\",\"@id\":\"https:\/\/intersert.org\/en\/service-application\/\",\"url\":\"https:\/\/intersert.org\/en\/service-application\/\",\"name\":\"Service Application - INTERSERT\",\"isPartOf\":{\"@id\":\"https:\/\/intersert.org\/#website\"},\"datePublished\":\"2020-01-28T17:25:22+00:00\",\"dateModified\":\"2020-01-30T14:36:21+00:00\",\"breadcrumb\":{\"@id\":\"https:\/\/intersert.org\/en\/service-application\/#breadcrumb\"},\"inLanguage\":\"tr\",\"potentialAction\":[{\"@type\":\"ReadAction\",\"target\":[\"https:\/\/intersert.org\/en\/service-application\/\"]}]},{\"@type\":\"BreadcrumbList\",\"@id\":\"https:\/\/intersert.org\/en\/service-application\/#breadcrumb\",\"itemListElement\":[{\"@type\":\"ListItem\",\"position\":1,\"name\":\"\u0413\u043b\u0430\u0432\u043d\u0430\u044f \u0441\u0442\u0440\u0430\u043d\u0438\u0446\u0430\",\"item\":\"https:\/\/intersert.org\/\"},{\"@type\":\"ListItem\",\"position\":2,\"name\":\"Service Application\"}]},{\"@type\":\"WebSite\",\"@id\":\"https:\/\/intersert.org\/#website\",\"url\":\"https:\/\/intersert.org\/\",\"name\":\"INTERSERT\",\"description\":\"Quality for Trust\",\"publisher\":{\"@id\":\"https:\/\/intersert.org\/#organization\"},\"potentialAction\":[{\"@type\":\"SearchAction\",\"target\":{\"@type\":\"EntryPoint\",\"urlTemplate\":\"https:\/\/intersert.org\/?s={search_term_string}\"},\"query-input\":{\"@type\":\"PropertyValueSpecification\",\"valueRequired\":true,\"valueName\":\"search_term_string\"}}],\"inLanguage\":\"tr\"},{\"@type\":\"Organization\",\"@id\":\"https:\/\/intersert.org\/#organization\",\"name\":\"INTERSERT Intersert Conformity Assessment Services Inc.\",\"url\":\"https:\/\/intersert.org\/\",\"logo\":{\"@type\":\"ImageObject\",\"inLanguage\":\"tr\",\"@id\":\"https:\/\/intersert.org\/#\/schema\/logo\/image\/\",\"url\":\"https:\/\/intersert.org\/wp-content\/uploads\/2020\/01\/logoe.svg\",\"contentUrl\":\"https:\/\/intersert.org\/wp-content\/uploads\/2020\/01\/logoe.svg\",\"width\":229,\"height\":132,\"caption\":\"INTERSERT Intersert Conformity Assessment Services Inc.\"},\"image\":{\"@id\":\"https:\/\/intersert.org\/#\/schema\/logo\/image\/\"},\"sameAs\":[\"https:\/\/www.facebook.com\/intersertglobal\/\",\"https:\/\/x.com\/intersertglobal\",\"https:\/\/www.instagram.com\/intersertglobal\/\",\"https:\/\/www.linkedin.com\/company\/intersertglobal\"]}]}<\/script>\n<!-- \/ Yoast SEO plugin. -->","yoast_head_json":{"title":"Service Application - INTERSERT","robots":{"index":"index","follow":"follow","max-snippet":"max-snippet:-1","max-image-preview":"max-image-preview:large","max-video-preview":"max-video-preview:-1"},"canonical":"https:\/\/intersert.org\/en\/service-application\/","og_locale":"tr_TR","og_type":"article","og_title":"Service Application - INTERSERT","og_url":"https:\/\/intersert.org\/en\/service-application\/","og_site_name":"INTERSERT","article_publisher":"https:\/\/www.facebook.com\/intersertglobal\/","article_modified_time":"2020-01-30T14:36:21+00:00","twitter_card":"summary_large_image","twitter_site":"@intersertglobal","schema":{"@context":"https:\/\/schema.org","@graph":[{"@type":"WebPage","@id":"https:\/\/intersert.org\/en\/service-application\/","url":"https:\/\/intersert.org\/en\/service-application\/","name":"Service Application - INTERSERT","isPartOf":{"@id":"https:\/\/intersert.org\/#website"},"datePublished":"2020-01-28T17:25:22+00:00","dateModified":"2020-01-30T14:36:21+00:00","breadcrumb":{"@id":"https:\/\/intersert.org\/en\/service-application\/#breadcrumb"},"inLanguage":"tr","potentialAction":[{"@type":"ReadAction","target":["https:\/\/intersert.org\/en\/service-application\/"]}]},{"@type":"BreadcrumbList","@id":"https:\/\/intersert.org\/en\/service-application\/#breadcrumb","itemListElement":[{"@type":"ListItem","position":1,"name":"\u0413\u043b\u0430\u0432\u043d\u0430\u044f \u0441\u0442\u0440\u0430\u043d\u0438\u0446\u0430","item":"https:\/\/intersert.org\/"},{"@type":"ListItem","position":2,"name":"Service Application"}]},{"@type":"WebSite","@id":"https:\/\/intersert.org\/#website","url":"https:\/\/intersert.org\/","name":"INTERSERT","description":"Quality for Trust","publisher":{"@id":"https:\/\/intersert.org\/#organization"},"potentialAction":[{"@type":"SearchAction","target":{"@type":"EntryPoint","urlTemplate":"https:\/\/intersert.org\/?s={search_term_string}"},"query-input":{"@type":"PropertyValueSpecification","valueRequired":true,"valueName":"search_term_string"}}],"inLanguage":"tr"},{"@type":"Organization","@id":"https:\/\/intersert.org\/#organization","name":"INTERSERT Intersert Conformity Assessment Services Inc.","url":"https:\/\/intersert.org\/","logo":{"@type":"ImageObject","inLanguage":"tr","@id":"https:\/\/intersert.org\/#\/schema\/logo\/image\/","url":"https:\/\/intersert.org\/wp-content\/uploads\/2020\/01\/logoe.svg","contentUrl":"https:\/\/intersert.org\/wp-content\/uploads\/2020\/01\/logoe.svg","width":229,"height":132,"caption":"INTERSERT Intersert Conformity Assessment Services Inc."},"image":{"@id":"https:\/\/intersert.org\/#\/schema\/logo\/image\/"},"sameAs":["https:\/\/www.facebook.com\/intersertglobal\/","https:\/\/x.com\/intersertglobal","https:\/\/www.instagram.com\/intersertglobal\/","https:\/\/www.linkedin.com\/company\/intersertglobal"]}]}},"_links":{"self":[{"href":"https:\/\/intersert.org\/tr\/wp-json\/wp\/v2\/pages\/7082","targetHints":{"allow":["GET"]}}],"collection":[{"href":"https:\/\/intersert.org\/tr\/wp-json\/wp\/v2\/pages"}],"about":[{"href":"https:\/\/intersert.org\/tr\/wp-json\/wp\/v2\/types\/page"}],"author":[{"embeddable":true,"href":"https:\/\/intersert.org\/tr\/wp-json\/wp\/v2\/users\/1"}],"replies":[{"embeddable":true,"href":"https:\/\/intersert.org\/tr\/wp-json\/wp\/v2\/comments?post=7082"}],"version-history":[{"count":0,"href":"https:\/\/intersert.org\/tr\/wp-json\/wp\/v2\/pages\/7082\/revisions"}],"wp:attachment":[{"href":"https:\/\/intersert.org\/tr\/wp-json\/wp\/v2\/media?parent=7082"}],"curies":[{"name":"wp","href":"https:\/\/api.w.org\/{rel}","templated":true}]}}