{"id":7220,"date":"2020-02-03T14:08:55","date_gmt":"2020-02-03T14:08:55","guid":{"rendered":"https:\/\/intersert.org\/?page_id=7220"},"modified":"2020-03-29T13:50:17","modified_gmt":"2020-03-29T13:50:17","slug":"education","status":"publish","type":"page","link":"https:\/\/intersert.org\/tr\/education\/","title":{"rendered":"T\u0259hsil"},"content":{"rendered":"[vc_row type=&#8221;in_container&#8221; full_screen_row_position=&#8221;middle&#8221; scene_position=&#8221;center&#8221; text_color=&#8221;dark&#8221; text_align=&#8221;left&#8221; overlay_strength=&#8221;0.3&#8243; shape_divider_position=&#8221;bottom&#8221; bg_image_animation=&#8221;none&#8221;][vc_column column_padding=&#8221;no-extra-padding&#8221; column_padding_position=&#8221;all&#8221; background_color_opacity=&#8221;1&#8243; background_hover_color_opacity=&#8221;1&#8243; column_link_target=&#8221;_self&#8221; column_shadow=&#8221;none&#8221; column_border_radius=&#8221;none&#8221; width=&#8221;2\/3&#8243; tablet_width_inherit=&#8221;default&#8221; tablet_text_alignment=&#8221;default&#8221; phone_text_alignment=&#8221;default&#8221; column_border_width=&#8221;none&#8221; column_border_style=&#8221;solid&#8221; bg_image_animation=&#8221;none&#8221;][image_with_animation image_url=&#8221;6903&#8243; alignment=&#8221;&#8221; animation=&#8221;Fade In&#8221; border_radius=&#8221;none&#8221; box_shadow=&#8221;none&#8221; max_width=&#8221;100%&#8221;][vc_column_text]M\u0259lum oldu\u011fu kimi elm v\u0259 texnologiyalar\u0131n inki\u015faf\u0131 t\u0259hsil sisteminin s\u0259viyy\u0259sind\u0259n birba\u015fa as\u0131l\u0131d\u0131r.<br \/>\nBu g\u00fcn h\u0259r bir d\u00f6vl\u0259tin g\u0259l\u0259c\u0259k inki\u015faf\u0131 onun t\u0259hsil sitemind\u0259n m\u00fct\u0259nasib \u015f\u0259kild\u0259 as\u0131l\u0131 olub daimi diqq\u0259t t\u0259l\u0259b edir. Bura t\u0259hsilin keyfiyy\u0259tinin art\u0131r\u0131lmas\u0131, onun beyn\u0259lmil\u0259ll\u0259\u015fdirilm\u0259si v\u0259 idar\u0259etm\u0259 mexanizml\u0259rinin yarad\u0131lmas\u0131, h\u0259m\u00e7inin pe\u015f\u0259kar kadrlar\u0131n haz\u0131rlanmas\u0131 v\u0259 onlar\u0131n attestasiya mexanizml\u0259rinin qurulmas\u0131 kimi m\u0259s\u0259l\u0259l\u0259r daxildir. Standart\u0131n\u0131n t\u0259tbiqi t\u0259hsil sah\u0259sind\u0259 t\u0259hsil xidm\u0259tl\u0259rinin, m\u00fc\u0259llim hey\u0259tinin v\u0259 t\u0259hsilin m\u0259zmununun keyfiyy\u0259tin\u0259 zaman\u0259t verilm\u0259si kimi m\u0259qs\u0259dl\u0259r\u0259 nail olunmas\u0131na y\u00f6n\u0259lib.[\/vc_column_text][\/vc_column][vc_column column_padding=&#8221;no-extra-padding&#8221; column_padding_position=&#8221;all&#8221; background_color_opacity=&#8221;1&#8243; background_hover_color_opacity=&#8221;1&#8243; column_link_target=&#8221;_self&#8221; column_shadow=&#8221;none&#8221; column_border_radius=&#8221;none&#8221; width=&#8221;1\/3&#8243; tablet_width_inherit=&#8221;default&#8221; tablet_text_alignment=&#8221;default&#8221; phone_text_alignment=&#8221;default&#8221; column_border_width=&#8221;none&#8221; column_border_style=&#8221;solid&#8221; bg_image_animation=&#8221;none&#8221;][vc_widget_sidebar sidebar_id=&#8221;page-sidebar&#8221;][\/vc_column][\/vc_row]\n","protected":false},"excerpt":{"rendered":"<p>[vc_row type=&#8221;in_container&#8221; full_screen_row_position=&#8221;middle&#8221; scene_position=&#8221;center&#8221; text_color=&#8221;dark&#8221; text_align=&#8221;left&#8221; overlay_strength=&#8221;0.3&#8243; shape_divider_position=&#8221;bottom&#8221; bg_image_animation=&#8221;none&#8221;][vc_column column_padding=&#8221;no-extra-padding&#8221; column_padding_position=&#8221;all&#8221; background_color_opacity=&#8221;1&#8243; background_hover_color_opacity=&#8221;1&#8243; column_link_target=&#8221;_self&#8221; column_shadow=&#8221;none&#8221; column_border_radius=&#8221;none&#8221; width=&#8221;2\/3&#8243; tablet_width_inherit=&#8221;default&#8221; tablet_text_alignment=&#8221;default&#8221; phone_text_alignment=&#8221;default&#8221; column_border_width=&#8221;none&#8221; column_border_style=&#8221;solid&#8221; bg_image_animation=&#8221;none&#8221;][image_with_animation image_url=&#8221;6903&#8243; alignment=&#8221;&#8221; animation=&#8221;Fade In&#8221; border_radius=&#8221;none&#8221; box_shadow=&#8221;none&#8221; max_width=&#8221;100%&#8221;][vc_column_text]M\u0259lum&#8230;<\/p>\n","protected":false},"author":1,"featured_media":0,"parent":0,"menu_order":0,"comment_status":"closed","ping_status":"closed","template":"","meta":{"footnotes":""},"class_list":["post-7220","page","type-page","status-publish"],"translation":{"provider":"WPGlobus","version":"3.0.0","language":"tr","enabled_languages":["az","en","ru","tr"],"languages":{"az":{"title":true,"content":true,"excerpt":false},"en":{"title":true,"content":true,"excerpt":false},"ru":{"title":true,"content":true,"excerpt":false},"tr":{"title":false,"content":false,"excerpt":false}}},"yoast_head":"<!-- This site is optimized with the Yoast SEO plugin v25.1 - https:\/\/yoast.com\/wordpress\/plugins\/seo\/ -->\n<title>- INTERSERT<\/title>\n<meta name=\"robots\" content=\"index, follow, max-snippet:-1, max-image-preview:large, max-video-preview:-1\" \/>\n<link rel=\"canonical\" href=\"https:\/\/intersert.org\/tr\/education\/\" \/>\n<meta property=\"og:locale\" content=\"tr_TR\" \/>\n<meta property=\"og:type\" content=\"article\" \/>\n<meta property=\"og:title\" content=\"- INTERSERT\" \/>\n<meta property=\"og:url\" content=\"https:\/\/intersert.org\/tr\/education\/\" \/>\n<meta property=\"og:site_name\" content=\"INTERSERT\" \/>\n<meta property=\"article:publisher\" content=\"https:\/\/www.facebook.com\/intersertglobal\/\" \/>\n<meta property=\"article:modified_time\" content=\"2020-03-29T13:50:17+00:00\" \/>\n<meta name=\"twitter:card\" content=\"summary_large_image\" \/>\n<meta name=\"twitter:site\" content=\"@intersertglobal\" \/>\n<meta name=\"twitter:label1\" content=\"Tahmini okuma s\u00fcresi\" \/>\n\t<meta name=\"twitter:data1\" content=\"4 dakika\" \/>\n<script type=\"application\/ld+json\" class=\"yoast-schema-graph\">{\"@context\":\"https:\/\/schema.org\",\"@graph\":[{\"@type\":\"WebPage\",\"@id\":\"https:\/\/intersert.org\/tr\/education\/\",\"url\":\"https:\/\/intersert.org\/tr\/education\/\",\"name\":\"- INTERSERT\",\"isPartOf\":{\"@id\":\"https:\/\/intersert.org\/#website\"},\"datePublished\":\"2020-02-03T14:08:55+00:00\",\"dateModified\":\"2020-03-29T13:50:17+00:00\",\"breadcrumb\":{\"@id\":\"https:\/\/intersert.org\/tr\/education\/#breadcrumb\"},\"inLanguage\":\"tr\",\"potentialAction\":[{\"@type\":\"ReadAction\",\"target\":[\"https:\/\/intersert.org\/tr\/education\/\"]}]},{\"@type\":\"BreadcrumbList\",\"@id\":\"https:\/\/intersert.org\/tr\/education\/#breadcrumb\",\"itemListElement\":[{\"@type\":\"ListItem\",\"position\":1,\"name\":\"\u0413\u043b\u0430\u0432\u043d\u0430\u044f \u0441\u0442\u0440\u0430\u043d\u0438\u0446\u0430\",\"item\":\"https:\/\/intersert.org\/\"},{\"@type\":\"ListItem\",\"position\":2,\"name\":\"T\u0259hsil\"}]},{\"@type\":\"WebSite\",\"@id\":\"https:\/\/intersert.org\/#website\",\"url\":\"https:\/\/intersert.org\/\",\"name\":\"INTERSERT\",\"description\":\"Quality for Trust\",\"publisher\":{\"@id\":\"https:\/\/intersert.org\/#organization\"},\"potentialAction\":[{\"@type\":\"SearchAction\",\"target\":{\"@type\":\"EntryPoint\",\"urlTemplate\":\"https:\/\/intersert.org\/?s={search_term_string}\"},\"query-input\":{\"@type\":\"PropertyValueSpecification\",\"valueRequired\":true,\"valueName\":\"search_term_string\"}}],\"inLanguage\":\"tr\"},{\"@type\":\"Organization\",\"@id\":\"https:\/\/intersert.org\/#organization\",\"name\":\"INTERSERT Intersert Conformity Assessment Services Inc.\",\"url\":\"https:\/\/intersert.org\/\",\"logo\":{\"@type\":\"ImageObject\",\"inLanguage\":\"tr\",\"@id\":\"https:\/\/intersert.org\/#\/schema\/logo\/image\/\",\"url\":\"https:\/\/intersert.org\/wp-content\/uploads\/2020\/01\/logoe.svg\",\"contentUrl\":\"https:\/\/intersert.org\/wp-content\/uploads\/2020\/01\/logoe.svg\",\"width\":229,\"height\":132,\"caption\":\"INTERSERT Intersert Conformity Assessment Services Inc.\"},\"image\":{\"@id\":\"https:\/\/intersert.org\/#\/schema\/logo\/image\/\"},\"sameAs\":[\"https:\/\/www.facebook.com\/intersertglobal\/\",\"https:\/\/x.com\/intersertglobal\",\"https:\/\/www.instagram.com\/intersertglobal\/\",\"https:\/\/www.linkedin.com\/company\/intersertglobal\"]}]}<\/script>\n<!-- \/ Yoast SEO plugin. -->","yoast_head_json":{"title":"- INTERSERT","robots":{"index":"index","follow":"follow","max-snippet":"max-snippet:-1","max-image-preview":"max-image-preview:large","max-video-preview":"max-video-preview:-1"},"canonical":"https:\/\/intersert.org\/tr\/education\/","og_locale":"tr_TR","og_type":"article","og_title":"- INTERSERT","og_url":"https:\/\/intersert.org\/tr\/education\/","og_site_name":"INTERSERT","article_publisher":"https:\/\/www.facebook.com\/intersertglobal\/","article_modified_time":"2020-03-29T13:50:17+00:00","twitter_card":"summary_large_image","twitter_site":"@intersertglobal","twitter_misc":{"Tahmini okuma s\u00fcresi":"4 dakika"},"schema":{"@context":"https:\/\/schema.org","@graph":[{"@type":"WebPage","@id":"https:\/\/intersert.org\/tr\/education\/","url":"https:\/\/intersert.org\/tr\/education\/","name":"- INTERSERT","isPartOf":{"@id":"https:\/\/intersert.org\/#website"},"datePublished":"2020-02-03T14:08:55+00:00","dateModified":"2020-03-29T13:50:17+00:00","breadcrumb":{"@id":"https:\/\/intersert.org\/tr\/education\/#breadcrumb"},"inLanguage":"tr","potentialAction":[{"@type":"ReadAction","target":["https:\/\/intersert.org\/tr\/education\/"]}]},{"@type":"BreadcrumbList","@id":"https:\/\/intersert.org\/tr\/education\/#breadcrumb","itemListElement":[{"@type":"ListItem","position":1,"name":"\u0413\u043b\u0430\u0432\u043d\u0430\u044f \u0441\u0442\u0440\u0430\u043d\u0438\u0446\u0430","item":"https:\/\/intersert.org\/"},{"@type":"ListItem","position":2,"name":"T\u0259hsil"}]},{"@type":"WebSite","@id":"https:\/\/intersert.org\/#website","url":"https:\/\/intersert.org\/","name":"INTERSERT","description":"Quality for Trust","publisher":{"@id":"https:\/\/intersert.org\/#organization"},"potentialAction":[{"@type":"SearchAction","target":{"@type":"EntryPoint","urlTemplate":"https:\/\/intersert.org\/?s={search_term_string}"},"query-input":{"@type":"PropertyValueSpecification","valueRequired":true,"valueName":"search_term_string"}}],"inLanguage":"tr"},{"@type":"Organization","@id":"https:\/\/intersert.org\/#organization","name":"INTERSERT Intersert Conformity Assessment Services Inc.","url":"https:\/\/intersert.org\/","logo":{"@type":"ImageObject","inLanguage":"tr","@id":"https:\/\/intersert.org\/#\/schema\/logo\/image\/","url":"https:\/\/intersert.org\/wp-content\/uploads\/2020\/01\/logoe.svg","contentUrl":"https:\/\/intersert.org\/wp-content\/uploads\/2020\/01\/logoe.svg","width":229,"height":132,"caption":"INTERSERT Intersert Conformity Assessment Services Inc."},"image":{"@id":"https:\/\/intersert.org\/#\/schema\/logo\/image\/"},"sameAs":["https:\/\/www.facebook.com\/intersertglobal\/","https:\/\/x.com\/intersertglobal","https:\/\/www.instagram.com\/intersertglobal\/","https:\/\/www.linkedin.com\/company\/intersertglobal"]}]}},"_links":{"self":[{"href":"https:\/\/intersert.org\/tr\/wp-json\/wp\/v2\/pages\/7220","targetHints":{"allow":["GET"]}}],"collection":[{"href":"https:\/\/intersert.org\/tr\/wp-json\/wp\/v2\/pages"}],"about":[{"href":"https:\/\/intersert.org\/tr\/wp-json\/wp\/v2\/types\/page"}],"author":[{"embeddable":true,"href":"https:\/\/intersert.org\/tr\/wp-json\/wp\/v2\/users\/1"}],"replies":[{"embeddable":true,"href":"https:\/\/intersert.org\/tr\/wp-json\/wp\/v2\/comments?post=7220"}],"version-history":[{"count":0,"href":"https:\/\/intersert.org\/tr\/wp-json\/wp\/v2\/pages\/7220\/revisions"}],"wp:attachment":[{"href":"https:\/\/intersert.org\/tr\/wp-json\/wp\/v2\/media?parent=7220"}],"curies":[{"name":"wp","href":"https:\/\/api.w.org\/{rel}","templated":true}]}}